{"id":1944,"date":"2024-09-08T14:44:18","date_gmt":"2024-09-08T14:44:18","guid":{"rendered":"https:\/\/www.villa-tamoma.com\/los-anfitriones\/"},"modified":"2024-09-28T08:56:59","modified_gmt":"2024-09-28T08:56:59","slug":"los-anfitriones","status":"publish","type":"page","link":"https:\/\/www.villa-tamoma.com\/es\/los-anfitriones\/","title":{"rendered":"Los anfitriones"},"content":{"rendered":"\t\t<div data-elementor-type=\"wp-page\" data-elementor-id=\"1944\" class=\"elementor elementor-1944 elementor-1099\">\n\t\t\t\t\t\t<section class=\"elementor-section elementor-top-section elementor-element elementor-element-808a6a0 elementor-section-boxed elementor-section-height-default elementor-section-height-default\" data-id=\"808a6a0\" data-element_type=\"section\">\n\t\t\t\t\t\t<div class=\"elementor-container elementor-column-gap-default\">\n\t\t\t\t\t<div class=\"elementor-column elementor-col-50 elementor-top-column elementor-element elementor-element-c704fd4\" data-id=\"c704fd4\" data-element_type=\"column\" data-settings=\"{&quot;background_background&quot;:&quot;classic&quot;}\">\n\t\t\t<div class=\"elementor-widget-wrap elementor-element-populated\">\n\t\t\t\t\t\t<div class=\"elementor-element elementor-element-395f180 elementor-widget elementor-widget-image\" data-id=\"395f180\" data-element_type=\"widget\" data-widget_type=\"image.default\">\n\t\t\t\t<div class=\"elementor-widget-container\">\n\t\t\t<style>\/*! elementor - v3.23.0 - 05-08-2024 *\/\n.elementor-widget-image{text-align:center}.elementor-widget-image a{display:inline-block}.elementor-widget-image a img[src$=\".svg\"]{width:48px}.elementor-widget-image img{vertical-align:middle;display:inline-block}<\/style>\t\t\t\t\t\t\t\t\t\t<img fetchpriority=\"high\" decoding=\"async\" width=\"1400\" height=\"719\" src=\"https:\/\/www.villa-tamoma.com\/wp-content\/uploads\/olivia-teresa.jpg\" class=\"attachment-full size-full wp-image-1859\" alt=\"\" srcset=\"https:\/\/www.villa-tamoma.com\/wp-content\/uploads\/olivia-teresa.jpg 1400w, https:\/\/www.villa-tamoma.com\/wp-content\/uploads\/olivia-teresa-300x154.jpg 300w, https:\/\/www.villa-tamoma.com\/wp-content\/uploads\/olivia-teresa-1024x526.jpg 1024w, https:\/\/www.villa-tamoma.com\/wp-content\/uploads\/olivia-teresa-768x394.jpg 768w, https:\/\/www.villa-tamoma.com\/wp-content\/uploads\/olivia-teresa-500x257.jpg 500w\" sizes=\"(max-width: 1400px) 100vw, 1400px\" \/>\t\t\t\t\t\t\t\t\t\t\t\t\t<\/div>\n\t\t\t\t<\/div>\n\t\t\t\t\t<\/div>\n\t\t<\/div>\n\t\t\t\t<div class=\"elementor-column elementor-col-50 elementor-top-column elementor-element elementor-element-1fd0747\" data-id=\"1fd0747\" data-element_type=\"column\">\n\t\t\t<div class=\"elementor-widget-wrap elementor-element-populated\">\n\t\t\t\t\t\t<div class=\"elementor-element elementor-element-23e5882 elementor-widget elementor-widget-heading\" data-id=\"23e5882\" data-element_type=\"widget\" data-widget_type=\"heading.default\">\n\t\t\t\t<div class=\"elementor-widget-container\">\n\t\t\t<style>\/*! elementor - v3.23.0 - 05-08-2024 *\/\n.elementor-heading-title{padding:0;margin:0;line-height:1}.elementor-widget-heading .elementor-heading-title[class*=elementor-size-]>a{color:inherit;font-size:inherit;line-height:inherit}.elementor-widget-heading .elementor-heading-title.elementor-size-small{font-size:15px}.elementor-widget-heading .elementor-heading-title.elementor-size-medium{font-size:19px}.elementor-widget-heading .elementor-heading-title.elementor-size-large{font-size:29px}.elementor-widget-heading .elementor-heading-title.elementor-size-xl{font-size:39px}.elementor-widget-heading .elementor-heading-title.elementor-size-xxl{font-size:59px}<\/style><h2 class=\"elementor-heading-title elementor-size-default\">En Villa Tamoma ...  <\/h2>\t\t<\/div>\n\t\t\t\t<\/div>\n\t\t\t\t<div class=\"elementor-element elementor-element-457c4b6 elementor-widget elementor-widget-text-editor\" data-id=\"457c4b6\" data-element_type=\"widget\" data-widget_type=\"text-editor.default\">\n\t\t\t\t<div class=\"elementor-widget-container\">\n\t\t\t<style>\/*! elementor - v3.23.0 - 05-08-2024 *\/\n.elementor-widget-text-editor.elementor-drop-cap-view-stacked .elementor-drop-cap{background-color:#69727d;color:#fff}.elementor-widget-text-editor.elementor-drop-cap-view-framed .elementor-drop-cap{color:#69727d;border:3px solid;background-color:transparent}.elementor-widget-text-editor:not(.elementor-drop-cap-view-default) .elementor-drop-cap{margin-top:8px}.elementor-widget-text-editor:not(.elementor-drop-cap-view-default) .elementor-drop-cap-letter{width:1em;height:1em}.elementor-widget-text-editor .elementor-drop-cap{float:left;text-align:center;line-height:1;font-size:50px}.elementor-widget-text-editor .elementor-drop-cap-letter{display:inline-block}<\/style>\t\t\t\t<p>te recibir\u00e1n calurosamente <strong>Olivia y Teresa<\/strong>, el maravilloso d\u00fao madre-hija que se enamor\u00f3 de <strong>Gran Canaria<\/strong> hace m\u00e1s de 20 a\u00f1os.<\/p>\n<p>Olivia vive en la isla desde hace casi 17 a\u00f1os, y juntos hemos hecho de este hermoso lugar nuestro segundo hogar.<\/p>\n\t\t\t\t\t\t<\/div>\n\t\t\t\t<\/div>\n\t\t\t\t\t<\/div>\n\t\t<\/div>\n\t\t\t\t\t<\/div>\n\t\t<\/section>\n\t\t\t\t<section class=\"elementor-section elementor-top-section elementor-element elementor-element-5ca9cd8 elementor-section-boxed elementor-section-height-default elementor-section-height-default\" data-id=\"5ca9cd8\" data-element_type=\"section\" data-settings=\"{&quot;background_background&quot;:&quot;classic&quot;}\">\n\t\t\t\t\t\t<div class=\"elementor-container elementor-column-gap-default\">\n\t\t\t\t\t<div class=\"elementor-column elementor-col-50 elementor-top-column elementor-element elementor-element-7004feb\" data-id=\"7004feb\" data-element_type=\"column\" data-settings=\"{&quot;background_background&quot;:&quot;classic&quot;}\">\n\t\t\t<div class=\"elementor-widget-wrap elementor-element-populated\">\n\t\t\t\t\t\t<section class=\"elementor-section elementor-inner-section elementor-element elementor-element-0d5ab1d elementor-section-boxed elementor-section-height-default elementor-section-height-default\" data-id=\"0d5ab1d\" data-element_type=\"section\">\n\t\t\t\t\t\t<div class=\"elementor-container elementor-column-gap-default\">\n\t\t\t\t\t<div class=\"elementor-column elementor-col-50 elementor-inner-column elementor-element elementor-element-938a7dc\" data-id=\"938a7dc\" data-element_type=\"column\">\n\t\t\t<div class=\"elementor-widget-wrap elementor-element-populated\">\n\t\t\t\t\t\t<div class=\"elementor-element elementor-element-a0e087c elementor-widget-divider--view-line elementor-widget elementor-widget-divider\" data-id=\"a0e087c\" data-element_type=\"widget\" data-widget_type=\"divider.default\">\n\t\t\t\t<div class=\"elementor-widget-container\">\n\t\t\t<style>\/*! elementor - v3.23.0 - 05-08-2024 *\/\n.elementor-widget-divider{--divider-border-style:none;--divider-border-width:1px;--divider-color:#0c0d0e;--divider-icon-size:20px;--divider-element-spacing:10px;--divider-pattern-height:24px;--divider-pattern-size:20px;--divider-pattern-url:none;--divider-pattern-repeat:repeat-x}.elementor-widget-divider .elementor-divider{display:flex}.elementor-widget-divider .elementor-divider__text{font-size:15px;line-height:1;max-width:95%}.elementor-widget-divider .elementor-divider__element{margin:0 var(--divider-element-spacing);flex-shrink:0}.elementor-widget-divider .elementor-icon{font-size:var(--divider-icon-size)}.elementor-widget-divider .elementor-divider-separator{display:flex;margin:0;direction:ltr}.elementor-widget-divider--view-line_icon .elementor-divider-separator,.elementor-widget-divider--view-line_text .elementor-divider-separator{align-items:center}.elementor-widget-divider--view-line_icon .elementor-divider-separator:after,.elementor-widget-divider--view-line_icon .elementor-divider-separator:before,.elementor-widget-divider--view-line_text .elementor-divider-separator:after,.elementor-widget-divider--view-line_text .elementor-divider-separator:before{display:block;content:\"\";border-block-end:0;flex-grow:1;border-block-start:var(--divider-border-width) var(--divider-border-style) var(--divider-color)}.elementor-widget-divider--element-align-left .elementor-divider .elementor-divider-separator>.elementor-divider__svg:first-of-type{flex-grow:0;flex-shrink:100}.elementor-widget-divider--element-align-left .elementor-divider-separator:before{content:none}.elementor-widget-divider--element-align-left .elementor-divider__element{margin-left:0}.elementor-widget-divider--element-align-right .elementor-divider .elementor-divider-separator>.elementor-divider__svg:last-of-type{flex-grow:0;flex-shrink:100}.elementor-widget-divider--element-align-right .elementor-divider-separator:after{content:none}.elementor-widget-divider--element-align-right .elementor-divider__element{margin-right:0}.elementor-widget-divider--element-align-start .elementor-divider .elementor-divider-separator>.elementor-divider__svg:first-of-type{flex-grow:0;flex-shrink:100}.elementor-widget-divider--element-align-start .elementor-divider-separator:before{content:none}.elementor-widget-divider--element-align-start .elementor-divider__element{margin-inline-start:0}.elementor-widget-divider--element-align-end .elementor-divider .elementor-divider-separator>.elementor-divider__svg:last-of-type{flex-grow:0;flex-shrink:100}.elementor-widget-divider--element-align-end .elementor-divider-separator:after{content:none}.elementor-widget-divider--element-align-end .elementor-divider__element{margin-inline-end:0}.elementor-widget-divider:not(.elementor-widget-divider--view-line_text):not(.elementor-widget-divider--view-line_icon) .elementor-divider-separator{border-block-start:var(--divider-border-width) var(--divider-border-style) var(--divider-color)}.elementor-widget-divider--separator-type-pattern{--divider-border-style:none}.elementor-widget-divider--separator-type-pattern.elementor-widget-divider--view-line .elementor-divider-separator,.elementor-widget-divider--separator-type-pattern:not(.elementor-widget-divider--view-line) .elementor-divider-separator:after,.elementor-widget-divider--separator-type-pattern:not(.elementor-widget-divider--view-line) .elementor-divider-separator:before,.elementor-widget-divider--separator-type-pattern:not([class*=elementor-widget-divider--view]) .elementor-divider-separator{width:100%;min-height:var(--divider-pattern-height);-webkit-mask-size:var(--divider-pattern-size) 100%;mask-size:var(--divider-pattern-size) 100%;-webkit-mask-repeat:var(--divider-pattern-repeat);mask-repeat:var(--divider-pattern-repeat);background-color:var(--divider-color);-webkit-mask-image:var(--divider-pattern-url);mask-image:var(--divider-pattern-url)}.elementor-widget-divider--no-spacing{--divider-pattern-size:auto}.elementor-widget-divider--bg-round{--divider-pattern-repeat:round}.rtl .elementor-widget-divider .elementor-divider__text{direction:rtl}.e-con-inner>.elementor-widget-divider,.e-con>.elementor-widget-divider{width:var(--container-widget-width,100%);--flex-grow:var(--container-widget-flex-grow)}<\/style>\t\t<div class=\"elementor-divider\">\n\t\t\t<span class=\"elementor-divider-separator\">\n\t\t\t\t\t\t<\/span>\n\t\t<\/div>\n\t\t\t\t<\/div>\n\t\t\t\t<\/div>\n\t\t\t\t\t<\/div>\n\t\t<\/div>\n\t\t\t\t<div class=\"elementor-column elementor-col-50 elementor-inner-column elementor-element elementor-element-ee61c26\" data-id=\"ee61c26\" data-element_type=\"column\">\n\t\t\t<div class=\"elementor-widget-wrap elementor-element-populated\">\n\t\t\t\t\t\t<div class=\"elementor-element elementor-element-70a0c33 elementor-widget elementor-widget-text-editor\" data-id=\"70a0c33\" data-element_type=\"widget\" data-widget_type=\"text-editor.default\">\n\t\t\t\t<div class=\"elementor-widget-container\">\n\t\t\t\t\t\t\t<p>&#8220;Nos cautivaron los impresionantes paisajes de la isla, su clima perfecto durante todo el a\u00f1o y la calidez de la gente local, los canarios&#8221;, dice Olivia.<\/p>\n\t\t\t\t\t\t<\/div>\n\t\t\t\t<\/div>\n\t\t\t\t\t<\/div>\n\t\t<\/div>\n\t\t\t\t\t<\/div>\n\t\t<\/section>\n\t\t\t\t\t<\/div>\n\t\t<\/div>\n\t\t\t\t<div class=\"elementor-column elementor-col-50 elementor-top-column elementor-element elementor-element-350db15\" data-id=\"350db15\" data-element_type=\"column\" data-settings=\"{&quot;background_background&quot;:&quot;classic&quot;}\">\n\t\t\t<div class=\"elementor-widget-wrap\">\n\t\t\t\t\t\t\t<\/div>\n\t\t<\/div>\n\t\t\t\t\t<\/div>\n\t\t<\/section>\n\t\t<div class=\"elementor-element elementor-element-c7da75c e-flex e-con-boxed e-con e-parent\" data-id=\"c7da75c\" data-element_type=\"container\">\n\t\t\t\t\t<div class=\"e-con-inner\">\n\t\t\t\t<div class=\"elementor-element elementor-element-d56e5c6 elementor-widget__width-initial elementor-widget elementor-widget-text-editor\" data-id=\"d56e5c6\" data-element_type=\"widget\" data-widget_type=\"text-editor.default\">\n\t\t\t\t<div class=\"elementor-widget-container\">\n\t\t\t\t\t\t\t<p>Nuestra pasi\u00f3n por Gran Canaria brilla en todo lo que hacemos, y nos dedicamos a hacer que tu estancia sea realmente inolvidable.<\/p>\n<p>Queremos que experimentes la misma magia que nosotras sentimos cuando llegamos por primera vez, compartiendo contigo lo mejor que ofrece la isla.<\/p>\n<p>Olivia, que conoce Gran Canaria por dentro y por fuera, ser\u00e1 tu contacto principal durante tu estancia para ayudarte con lo que necesites y resolver tus dudas. Olivia est\u00e1 llena de consejos sobre d\u00f3nde ir, qu\u00e9 ver y las joyas ocultas que har\u00e1n que tus vacaciones sean a\u00fan m\u00e1s especiales. Con su atenci\u00f3n y conocimientos locales, se asegurar\u00e1 de que tengas una experiencia incre\u00edble y memorable en <strong>Villa Tamoma<\/strong>. Olivia te atender\u00e1 en espa\u00f1ol, ingl\u00e9s, alem\u00e1n o polaco.  <\/p>\n\t\t\t\t\t\t<\/div>\n\t\t\t\t<\/div>\n\t\t\t\t\t<\/div>\n\t\t\t\t<\/div>\n\t\t\t\t<\/div>\n\t\t","protected":false},"excerpt":{"rendered":"<p>En Villa Tamoma &#8230; te recibir\u00e1n calurosamente Olivia y Teresa, el maravilloso d\u00fao madre-hija que se enamor\u00f3 de Gran Canaria hace m\u00e1s de 20 a\u00f1os. Olivia vive en la isla desde hace casi 17 a\u00f1os, y juntos hemos hecho de este hermoso lugar nuestro segundo hogar. &#8220;Nos cautivaron los impresionantes paisajes de la isla, su [&hellip;]<\/p>\n","protected":false},"author":2,"featured_media":0,"parent":0,"menu_order":0,"comment_status":"closed","ping_status":"closed","template":"template-page-full-width.php","meta":{"inline_featured_image":false,"footnotes":""},"class_list":["post-1944","page","type-page","status-publish","hentry"],"yoast_head":"<!-- This site is optimized with the Yoast SEO plugin v23.5 - https:\/\/yoast.com\/wordpress\/plugins\/seo\/ -->\n<title>Los anfitriones - Villa Tamoma<\/title>\n<meta name=\"description\" content=\"Conoce a los anfitriones de Villa Tamoma, comprometidos a hacer que tu estancia sea inolvidable. Garantizan una experiencia relajante en la villa de Gran Canaria.\" \/>\n<meta name=\"robots\" content=\"index, follow, max-snippet:-1, max-image-preview:large, max-video-preview:-1\" \/>\n<link rel=\"canonical\" href=\"https:\/\/www.villa-tamoma.com\/es\/los-anfitriones\/\" \/>\n<meta property=\"og:locale\" content=\"es_ES\" \/>\n<meta property=\"og:type\" content=\"article\" \/>\n<meta property=\"og:title\" content=\"Los anfitriones - Villa Tamoma\" \/>\n<meta property=\"og:description\" content=\"Conoce a los anfitriones de Villa Tamoma, comprometidos a hacer que tu estancia sea inolvidable. Garantizan una experiencia relajante en la villa de Gran Canaria.\" \/>\n<meta property=\"og:url\" content=\"https:\/\/www.villa-tamoma.com\/es\/los-anfitriones\/\" \/>\n<meta property=\"og:site_name\" content=\"Villa Tamoma\" \/>\n<meta property=\"article:publisher\" content=\"https:\/\/www.facebook.com\/profile.php?id=61566010812703\" \/>\n<meta property=\"article:modified_time\" content=\"2024-09-28T08:56:59+00:00\" \/>\n<meta property=\"og:image\" content=\"https:\/\/www.villa-tamoma.com\/wp-content\/uploads\/olivia-teresa.jpg\" \/>\n<meta name=\"twitter:card\" content=\"summary_large_image\" \/>\n<meta name=\"twitter:label1\" content=\"Tiempo de lectura\" \/>\n\t<meta name=\"twitter:data1\" content=\"1 minuto\" \/>\n<script type=\"application\/ld+json\" class=\"yoast-schema-graph\">{\"@context\":\"https:\/\/schema.org\",\"@graph\":[{\"@type\":\"WebPage\",\"@id\":\"https:\/\/www.villa-tamoma.com\/es\/los-anfitriones\/\",\"url\":\"https:\/\/www.villa-tamoma.com\/es\/los-anfitriones\/\",\"name\":\"Los anfitriones - Villa Tamoma\",\"isPartOf\":{\"@id\":\"https:\/\/www.villa-tamoma.com\/es\/#website\"},\"primaryImageOfPage\":{\"@id\":\"https:\/\/www.villa-tamoma.com\/es\/los-anfitriones\/#primaryimage\"},\"image\":{\"@id\":\"https:\/\/www.villa-tamoma.com\/es\/los-anfitriones\/#primaryimage\"},\"thumbnailUrl\":\"https:\/\/www.villa-tamoma.com\/wp-content\/uploads\/olivia-teresa.jpg\",\"datePublished\":\"2024-09-08T14:44:18+00:00\",\"dateModified\":\"2024-09-28T08:56:59+00:00\",\"description\":\"Conoce a los anfitriones de Villa Tamoma, comprometidos a hacer que tu estancia sea inolvidable. Garantizan una experiencia relajante en la villa de Gran Canaria.\",\"breadcrumb\":{\"@id\":\"https:\/\/www.villa-tamoma.com\/es\/los-anfitriones\/#breadcrumb\"},\"inLanguage\":\"es\",\"potentialAction\":[{\"@type\":\"ReadAction\",\"target\":[\"https:\/\/www.villa-tamoma.com\/es\/los-anfitriones\/\"]}]},{\"@type\":\"ImageObject\",\"inLanguage\":\"es\",\"@id\":\"https:\/\/www.villa-tamoma.com\/es\/los-anfitriones\/#primaryimage\",\"url\":\"https:\/\/www.villa-tamoma.com\/wp-content\/uploads\/olivia-teresa.jpg\",\"contentUrl\":\"https:\/\/www.villa-tamoma.com\/wp-content\/uploads\/olivia-teresa.jpg\"},{\"@type\":\"BreadcrumbList\",\"@id\":\"https:\/\/www.villa-tamoma.com\/es\/los-anfitriones\/#breadcrumb\",\"itemListElement\":[{\"@type\":\"ListItem\",\"position\":1,\"name\":\"Home\",\"item\":\"https:\/\/www.villa-tamoma.com\/es\/inicio\/\"},{\"@type\":\"ListItem\",\"position\":2,\"name\":\"Los anfitriones\"}]},{\"@type\":\"WebSite\",\"@id\":\"https:\/\/www.villa-tamoma.com\/es\/#website\",\"url\":\"https:\/\/www.villa-tamoma.com\/es\/\",\"name\":\"Villa Tamoma Gran Canaria\",\"description\":\"Exclusive Gran Canaria Villa with Private Pool, near to beaches and Maspalomas Dunes\",\"publisher\":{\"@id\":\"https:\/\/www.villa-tamoma.com\/es\/#organization\"},\"alternateName\":\"Villa Tamoma\",\"potentialAction\":[{\"@type\":\"SearchAction\",\"target\":{\"@type\":\"EntryPoint\",\"urlTemplate\":\"https:\/\/www.villa-tamoma.com\/es\/?s={search_term_string}\"},\"query-input\":{\"@type\":\"PropertyValueSpecification\",\"valueRequired\":true,\"valueName\":\"search_term_string\"}}],\"inLanguage\":\"es\"},{\"@type\":\"Organization\",\"@id\":\"https:\/\/www.villa-tamoma.com\/es\/#organization\",\"name\":\"Villa Tamoma Gran Canaria\",\"alternateName\":\"Villa Tamoma\",\"url\":\"https:\/\/www.villa-tamoma.com\/es\/\",\"logo\":{\"@type\":\"ImageObject\",\"inLanguage\":\"es\",\"@id\":\"https:\/\/www.villa-tamoma.com\/es\/#\/schema\/logo\/image\/\",\"url\":\"https:\/\/www.villa-tamoma.com\/wp-content\/uploads\/Villa-Tamoma-50-50.png\",\"contentUrl\":\"https:\/\/www.villa-tamoma.com\/wp-content\/uploads\/Villa-Tamoma-50-50.png\",\"width\":209,\"height\":209,\"caption\":\"Villa Tamoma Gran Canaria\"},\"image\":{\"@id\":\"https:\/\/www.villa-tamoma.com\/es\/#\/schema\/logo\/image\/\"},\"sameAs\":[\"https:\/\/www.facebook.com\/profile.php?id=61566010812703\",\"https:\/\/www.instagram.com\/villatamoma\/\"]}]}<\/script>\n<!-- \/ Yoast SEO plugin. -->","yoast_head_json":{"title":"Los anfitriones - Villa Tamoma","description":"Conoce a los anfitriones de Villa Tamoma, comprometidos a hacer que tu estancia sea inolvidable. Garantizan una experiencia relajante en la villa de Gran Canaria.","robots":{"index":"index","follow":"follow","max-snippet":"max-snippet:-1","max-image-preview":"max-image-preview:large","max-video-preview":"max-video-preview:-1"},"canonical":"https:\/\/www.villa-tamoma.com\/es\/los-anfitriones\/","og_locale":"es_ES","og_type":"article","og_title":"Los anfitriones - Villa Tamoma","og_description":"Conoce a los anfitriones de Villa Tamoma, comprometidos a hacer que tu estancia sea inolvidable. Garantizan una experiencia relajante en la villa de Gran Canaria.","og_url":"https:\/\/www.villa-tamoma.com\/es\/los-anfitriones\/","og_site_name":"Villa Tamoma","article_publisher":"https:\/\/www.facebook.com\/profile.php?id=61566010812703","article_modified_time":"2024-09-28T08:56:59+00:00","og_image":[{"url":"https:\/\/www.villa-tamoma.com\/wp-content\/uploads\/olivia-teresa.jpg"}],"twitter_card":"summary_large_image","twitter_misc":{"Tiempo de lectura":"1 minuto"},"schema":{"@context":"https:\/\/schema.org","@graph":[{"@type":"WebPage","@id":"https:\/\/www.villa-tamoma.com\/es\/los-anfitriones\/","url":"https:\/\/www.villa-tamoma.com\/es\/los-anfitriones\/","name":"Los anfitriones - Villa Tamoma","isPartOf":{"@id":"https:\/\/www.villa-tamoma.com\/es\/#website"},"primaryImageOfPage":{"@id":"https:\/\/www.villa-tamoma.com\/es\/los-anfitriones\/#primaryimage"},"image":{"@id":"https:\/\/www.villa-tamoma.com\/es\/los-anfitriones\/#primaryimage"},"thumbnailUrl":"https:\/\/www.villa-tamoma.com\/wp-content\/uploads\/olivia-teresa.jpg","datePublished":"2024-09-08T14:44:18+00:00","dateModified":"2024-09-28T08:56:59+00:00","description":"Conoce a los anfitriones de Villa Tamoma, comprometidos a hacer que tu estancia sea inolvidable. Garantizan una experiencia relajante en la villa de Gran Canaria.","breadcrumb":{"@id":"https:\/\/www.villa-tamoma.com\/es\/los-anfitriones\/#breadcrumb"},"inLanguage":"es","potentialAction":[{"@type":"ReadAction","target":["https:\/\/www.villa-tamoma.com\/es\/los-anfitriones\/"]}]},{"@type":"ImageObject","inLanguage":"es","@id":"https:\/\/www.villa-tamoma.com\/es\/los-anfitriones\/#primaryimage","url":"https:\/\/www.villa-tamoma.com\/wp-content\/uploads\/olivia-teresa.jpg","contentUrl":"https:\/\/www.villa-tamoma.com\/wp-content\/uploads\/olivia-teresa.jpg"},{"@type":"BreadcrumbList","@id":"https:\/\/www.villa-tamoma.com\/es\/los-anfitriones\/#breadcrumb","itemListElement":[{"@type":"ListItem","position":1,"name":"Home","item":"https:\/\/www.villa-tamoma.com\/es\/inicio\/"},{"@type":"ListItem","position":2,"name":"Los anfitriones"}]},{"@type":"WebSite","@id":"https:\/\/www.villa-tamoma.com\/es\/#website","url":"https:\/\/www.villa-tamoma.com\/es\/","name":"Villa Tamoma Gran Canaria","description":"Exclusive Gran Canaria Villa with Private Pool, near to beaches and Maspalomas Dunes","publisher":{"@id":"https:\/\/www.villa-tamoma.com\/es\/#organization"},"alternateName":"Villa Tamoma","potentialAction":[{"@type":"SearchAction","target":{"@type":"EntryPoint","urlTemplate":"https:\/\/www.villa-tamoma.com\/es\/?s={search_term_string}"},"query-input":{"@type":"PropertyValueSpecification","valueRequired":true,"valueName":"search_term_string"}}],"inLanguage":"es"},{"@type":"Organization","@id":"https:\/\/www.villa-tamoma.com\/es\/#organization","name":"Villa Tamoma Gran Canaria","alternateName":"Villa Tamoma","url":"https:\/\/www.villa-tamoma.com\/es\/","logo":{"@type":"ImageObject","inLanguage":"es","@id":"https:\/\/www.villa-tamoma.com\/es\/#\/schema\/logo\/image\/","url":"https:\/\/www.villa-tamoma.com\/wp-content\/uploads\/Villa-Tamoma-50-50.png","contentUrl":"https:\/\/www.villa-tamoma.com\/wp-content\/uploads\/Villa-Tamoma-50-50.png","width":209,"height":209,"caption":"Villa Tamoma Gran Canaria"},"image":{"@id":"https:\/\/www.villa-tamoma.com\/es\/#\/schema\/logo\/image\/"},"sameAs":["https:\/\/www.facebook.com\/profile.php?id=61566010812703","https:\/\/www.instagram.com\/villatamoma\/"]}]}},"_links":{"self":[{"href":"https:\/\/www.villa-tamoma.com\/es\/wp-json\/wp\/v2\/pages\/1944"}],"collection":[{"href":"https:\/\/www.villa-tamoma.com\/es\/wp-json\/wp\/v2\/pages"}],"about":[{"href":"https:\/\/www.villa-tamoma.com\/es\/wp-json\/wp\/v2\/types\/page"}],"author":[{"embeddable":true,"href":"https:\/\/www.villa-tamoma.com\/es\/wp-json\/wp\/v2\/users\/2"}],"replies":[{"embeddable":true,"href":"https:\/\/www.villa-tamoma.com\/es\/wp-json\/wp\/v2\/comments?post=1944"}],"version-history":[{"count":5,"href":"https:\/\/www.villa-tamoma.com\/es\/wp-json\/wp\/v2\/pages\/1944\/revisions"}],"predecessor-version":[{"id":2340,"href":"https:\/\/www.villa-tamoma.com\/es\/wp-json\/wp\/v2\/pages\/1944\/revisions\/2340"}],"wp:attachment":[{"href":"https:\/\/www.villa-tamoma.com\/es\/wp-json\/wp\/v2\/media?parent=1944"}],"curies":[{"name":"wp","href":"https:\/\/api.w.org\/{rel}","templated":true}]}}