{"id":1905,"date":"2024-08-17T19:33:24","date_gmt":"2024-08-17T19:33:24","guid":{"rendered":"https:\/\/www.villa-tamoma.com\/politica-de-privacidad\/"},"modified":"2024-09-22T14:10:10","modified_gmt":"2024-09-22T14:10:10","slug":"politica-de-privacidad","status":"publish","type":"page","link":"https:\/\/www.villa-tamoma.com\/es\/politica-de-privacidad\/","title":{"rendered":"Pol\u00edtica de privacidad"},"content":{"rendered":"\t\t<div data-elementor-type=\"wp-page\" data-elementor-id=\"1905\" class=\"elementor elementor-1905 elementor-3\">\n\t\t\t\t<div class=\"elementor-element elementor-element-424a17a3 e-flex e-con-boxed e-con e-parent\" data-id=\"424a17a3\" data-element_type=\"container\">\n\t\t\t\t\t<div class=\"e-con-inner\">\n\t\t\t\t<div class=\"elementor-element elementor-element-43475a5f elementor-widget elementor-widget-text-editor\" data-id=\"43475a5f\" data-element_type=\"widget\" data-widget_type=\"text-editor.default\">\n\t\t\t\t<div class=\"elementor-widget-container\">\n\t\t\t<style>\/*! elementor - v3.23.0 - 05-08-2024 *\/\n.elementor-widget-text-editor.elementor-drop-cap-view-stacked .elementor-drop-cap{background-color:#69727d;color:#fff}.elementor-widget-text-editor.elementor-drop-cap-view-framed .elementor-drop-cap{color:#69727d;border:3px solid;background-color:transparent}.elementor-widget-text-editor:not(.elementor-drop-cap-view-default) .elementor-drop-cap{margin-top:8px}.elementor-widget-text-editor:not(.elementor-drop-cap-view-default) .elementor-drop-cap-letter{width:1em;height:1em}.elementor-widget-text-editor .elementor-drop-cap{float:left;text-align:center;line-height:1;font-size:50px}.elementor-widget-text-editor .elementor-drop-cap-letter{display:inline-block}<\/style>\t\t\t\t\n<h2 class=\"wp-block-heading\">Informaci\u00f3n general<\/h2>\n\n<p>Esta Declaraci\u00f3n de Protecci\u00f3n de Datos te ofrece una visi\u00f3n general de c\u00f3mo recopilamos y procesamos tus datos utilizando www.villa-tamoma.com.\nProcesamos tus datos personales exclusivamente sobre la base del Reglamento UE \/GDPR) de mayo de 2018.\nDe acuerdo con el principio de evitaci\u00f3n y econom\u00eda de datos, registramos y almacenamos datos personales s\u00f3lo si son necesarios.  <\/p>\n<p>Los datos personales son cualquier informaci\u00f3n relacionada con una persona viva identificada o identificable.\nPor ejemplo: nombre, fecha de nacimiento, n\u00famero de tel\u00e9fono, domicilio o la IP de tu dispositivo, etc. <\/p>\n\n<h2 class=\"wp-block-heading\">1. Qu\u00e9 tipo de datos recogemos:<\/h2>\n<h5>1.1.\nCorrespondence <\/h5>\n<p>Cuando te pongas en contacto con nosotros por correo electr\u00f3nico, tel\u00e9fono, formulario de contacto o facebook, recopilaremos y almacenaremos estos datos para poder responder a tu consulta (art\u00edculo 6 del GDPR):<\/p>\n<p>Nombre<br>Apellidos<br>Correo electr\u00f3nico<br>N\u00famero de tel\u00e9fono<br>Datos personales que facilitas al rellenar los formularios<\/p>\n<p>Estos datos son necesarios para responder a tu consulta.\nSin estos datos no podemos proceder con tu consulta.\nLos datos pueden almacenarse en un Sistema de Gesti\u00f3n de Relaciones con el Cliente (&#8220;Sistema CRM&#8221;).\nNos gustar\u00eda se\u00f1alar que la transferencia de datos a trav\u00e9s de Internet (por ejemplo, la comunicaci\u00f3n por correo electr\u00f3nico) podr\u00eda tener implicaciones de seguridad.   <\/p>\n<h5>1.2.\nPersonal data for technical purposes <\/h5>\n<p>Por razones t\u00e9cnicas, es posible que se recojan y almacenen ciertos datos durante una visita a nuestro sitio web.\nEstos datos se registrar\u00e1n en un archivo de registro del servidor y se utilizan con fines estad\u00edsticos y sin referencia personal.<br>Adem\u00e1s, estos datos son necesarios para garantizar la estabilidad y seguridad de nuestro sitio web. <\/p>\n<p>Estos datos se recogen:<\/p>\n<p>Direcci\u00f3n IP<br>Fecha y hora de tus visitas<br>Sistema operativo y navegador web<br>Tipo de dispositivo<br>Logfiles (zur Sicherstellung des ordnungsgem\u00e4ssen Betriebs der Website)<\/p>\n<h5>1.2.1 Cookies<\/h5>\n<p>Este sitio web utiliza las llamadas &#8220;Cookies&#8221;.\nLas cookies no da\u00f1an tu ordenador y no contienen virus ni otras herramientas perjudiciales.\nLas cookies son peque\u00f1os archivos de texto que tu navegador coloca en tu ordenador.  <\/p>\n<p>La mayor\u00eda de las cookies que utilizamos son las llamadas &#8220;cookies de sesi\u00f3n&#8221;.\nSe borran autom\u00e1ticamente al final de tu sesi\u00f3n.\nTambi\u00e9n utilizamos cookies permanentes que permanecen guardadas en tu ordenador hasta que las borras.\nEstas Cookies permiten que nuestro sistema reconozca tu navegador despu\u00e9s de cerrar nuestro sitio.   <\/p>\n<p>Puedes configurar tu navegador para que te notifique siempre las cookies establecidas o para rechazarlas como pr\u00e1ctica habitual.\nSin embargo, la desactivaci\u00f3n o el rechazo de las cookies puede restringir la funcionalidad de nuestra oferta web.   <\/p>\n\n<h2 class=\"wp-block-heading\">2. Terceros<\/h2>\n\n<p>2.1.\nGoogle Maps<br>We use \u201cGoogle Maps\u201d from Google LLC, 1600 Amphitheatre Parkway, Mountain View, CA 94043, USA.\nWhen using Google Maps on this website, user information and a user&#8217;s IP address will be transferred and stored on Google&#8217;s servers.    <br>Obt\u00e9n m\u00e1s informaci\u00f3n sobre la pol\u00edtica de protecci\u00f3n de datos de Google Inc.: https:\/\/www.google.com\/policies\/privacy\/, o desactiva esta funci\u00f3n en: https:\/\/adssettings.google.com\/authenticated.<\/p>\n<p>2.2.\nSocial Media Plugins<br>The following Social Media Plugins are used on our site: <\/p>\n<p>Facebook <br>(Proveedor: Facebook Inc., 1601 S. California Ave, Palo Alto, CA 94304, USA)<br>Pol\u00edtica de privacidad: http:\/\/www.facebook.com\/policy.php<\/p>\n<p>Twitter (Proveedor: Twitter Inc., 795 Folsom St., Suite 600, San Francisco, CA 94107, EE.UU.)<br>Pol\u00edtica de privacidad: http:\/\/twitter.com\/privacy\/<\/p>\n<p>El contenido que te gusta se puede compartir con amigos y redes sociales utilizando estos plugins.\nEsto es conforme al art\u00edculo legal 6 (1) del GDPR. <\/p>\n<p>&#8220;M\u00e9todo de 2 clics&#8221;<br>Los plugins de las redes sociales est\u00e1n integrados en nuestro sitio web con el m\u00e9todo de 2 clics: Los plugins est\u00e1n inactivos, lo que puedes reconocer por el \u00e1rea en gris del plugin.\nNo hay transferencia de datos a los servidores de las redes sociales.\nS\u00f3lo si activas el plugin con un primer clic, permites la transferencia de datos: Se conecta al servidor de la red social correspondiente y se transmiten datos al proveedor de servicios correspondiente, a saber, tu direcci\u00f3n IP, el sitio web que has visitado, la fecha y hora de la solicitud de la p\u00e1gina, la referencia, el tipo y la versi\u00f3n del navegador, as\u00ed como el sistema operativo del ordenador utilizado.\nEstos datos tambi\u00e9n se transferir\u00e1n cuando actives el plugin si no est\u00e1s registrado o no has iniciado sesi\u00f3n como usuario en la red social.\nSi est\u00e1s conectado como usuario de la red cuando visitas nuestro sitio web, los datos transmitidos pueden ser asignados por el proveedor de la red social a tu cuenta de usuario para que el proveedor pueda crear un perfil de tu comportamiento de navegaci\u00f3n.    <\/p>\n\n<h2 class=\"wp-block-heading\">3. Almacenamiento<\/h2>\n<p class=\"wp-block-heading\">Eliminaremos tus datos al final del tercer a\u00f1o despu\u00e9s de que hayas dejado de visitarnos.\nLos datos recopilados con fines t\u00e9cnicos se eliminar\u00e1n inmediatamente o transcurridos 7 d\u00edas desde tu \u00faltima visita. <\/p>\n<p><\/p>\n<p class=\"wp-block-heading\">Contenido incrustado de otros sitios web.<\/p>\n\n<h2 class=\"wp-block-heading\">4. \u00bfA qui\u00e9n se env\u00edan mis datos?<\/h2>\n\n<p>Tus datos personales se utilizar\u00e1n para responder a tu consulta.\nNo se transmitir\u00e1n a terceros sin tu consentimiento.   <br>S\u00f3lo se transmitir\u00e1n datos con fines t\u00e9cnicos a nuestro proveedor de alojamiento.\nEl proveedor est\u00e1 estrictamente obligado por contrato (art\u00edculo 28 del GDPR). <\/p>\n\n<h2 class=\"wp-block-heading\">5. Cifrado de datos personales<\/h2>\n<p class=\"wp-block-heading\">Toda la informaci\u00f3n que nos facilitas se transmite de forma segura utilizando la \u00faltima tecnolog\u00eda de seguridad en Internet SSL (Secure Sockets Layer).<\/p>\n\n<h2 class=\"wp-block-heading\">6. Qu\u00e9 derechos tienes sobre tus datos<\/h2>\n\n<p>Tienes los siguientes derechos legales de protecci\u00f3n de datos seg\u00fan las condiciones legales pertinentes: Derecho a la informaci\u00f3n (art\u00edculo 15 del GDPR), derecho a la supresi\u00f3n (art\u00edculo 17 del GDPR), derecho a la rectificaci\u00f3n (art\u00edculo 16 del GDPR), derecho a la restricci\u00f3n del procesamiento (art\u00edculo 18 del GDPR), derecho a la portabilidad de datos (art\u00edculo 20 del GDPR), derecho a presentar una reclamaci\u00f3n ante una autoridad supervisora (art\u00edculo 77 del GDPR), derecho a retirar el consentimiento (art\u00edculo 7 (3) del GDPR), as\u00ed como el derecho a oponerte a determinadas medidas de procesamiento de datos (art\u00edculo 21 del GDPR).<\/p>\n\n<h2 class=\"wp-block-heading\">7. Contactar con el responsable del tratamiento<\/h2>\n\n<p>Ponte en contacto con nosotros para obtener m\u00e1s informaci\u00f3n sobre c\u00f3mo se procesan tus datos personales u otras cuestiones sobre la protecci\u00f3n de datos en general:<\/p>\n<p>Teresa Morell-Mandes<br>Tel\u00e9fono: +34 671605580<br>E-Mail: booking@villa-tamoma.com<\/p>\n\n<p> <\/p>\t\t\t\t\t\t<\/div>\n\t\t\t\t<\/div>\n\t\t\t\t\t<\/div>\n\t\t\t\t<\/div>\n\t\t\t\t<\/div>\n\t\t","protected":false},"excerpt":{"rendered":"<p>Informaci\u00f3n general Esta Declaraci\u00f3n de Protecci\u00f3n de Datos te ofrece una visi\u00f3n general de c\u00f3mo recopilamos y procesamos tus datos utilizando www.villa-tamoma.com. Procesamos tus datos personales exclusivamente sobre la base del Reglamento UE \/GDPR) de mayo de 2018. De acuerdo con el principio de evitaci\u00f3n y econom\u00eda de datos, registramos y almacenamos datos personales s\u00f3lo [&hellip;]<\/p>\n","protected":false},"author":1,"featured_media":0,"parent":0,"menu_order":0,"comment_status":"closed","ping_status":"open","template":"","meta":{"inline_featured_image":false,"footnotes":""},"class_list":["post-1905","page","type-page","status-publish","hentry"],"yoast_head":"<!-- This site is optimized with the Yoast SEO plugin v23.5 - https:\/\/yoast.com\/wordpress\/plugins\/seo\/ -->\n<title>Pol\u00edtica de privacidad - Villa Tamoma<\/title>\n<meta name=\"robots\" content=\"index, follow, max-snippet:-1, max-image-preview:large, max-video-preview:-1\" \/>\n<link rel=\"canonical\" href=\"https:\/\/www.villa-tamoma.com\/es\/politica-de-privacidad\/\" \/>\n<meta property=\"og:locale\" content=\"es_ES\" \/>\n<meta property=\"og:type\" content=\"article\" \/>\n<meta property=\"og:title\" content=\"Pol\u00edtica de privacidad - Villa Tamoma\" \/>\n<meta property=\"og:description\" content=\"Informaci\u00f3n general Esta Declaraci\u00f3n de Protecci\u00f3n de Datos te ofrece una visi\u00f3n general de c\u00f3mo recopilamos y procesamos tus datos utilizando www.villa-tamoma.com. Procesamos tus datos personales exclusivamente sobre la base del Reglamento UE \/GDPR) de mayo de 2018. De acuerdo con el principio de evitaci\u00f3n y econom\u00eda de datos, registramos y almacenamos datos personales s\u00f3lo [&hellip;]\" \/>\n<meta property=\"og:url\" content=\"https:\/\/www.villa-tamoma.com\/es\/politica-de-privacidad\/\" \/>\n<meta property=\"og:site_name\" content=\"Villa Tamoma\" \/>\n<meta property=\"article:publisher\" content=\"https:\/\/www.facebook.com\/profile.php?id=61566010812703\" \/>\n<meta property=\"article:modified_time\" content=\"2024-09-22T14:10:10+00:00\" \/>\n<meta name=\"twitter:card\" content=\"summary_large_image\" \/>\n<meta name=\"twitter:label1\" content=\"Tiempo de lectura\" \/>\n\t<meta name=\"twitter:data1\" content=\"5 minutos\" \/>\n<script type=\"application\/ld+json\" class=\"yoast-schema-graph\">{\"@context\":\"https:\/\/schema.org\",\"@graph\":[{\"@type\":\"WebPage\",\"@id\":\"https:\/\/www.villa-tamoma.com\/es\/politica-de-privacidad\/\",\"url\":\"https:\/\/www.villa-tamoma.com\/es\/politica-de-privacidad\/\",\"name\":\"Pol\u00edtica de privacidad - Villa Tamoma\",\"isPartOf\":{\"@id\":\"https:\/\/www.villa-tamoma.com\/es\/#website\"},\"datePublished\":\"2024-08-17T19:33:24+00:00\",\"dateModified\":\"2024-09-22T14:10:10+00:00\",\"breadcrumb\":{\"@id\":\"https:\/\/www.villa-tamoma.com\/es\/politica-de-privacidad\/#breadcrumb\"},\"inLanguage\":\"es\",\"potentialAction\":[{\"@type\":\"ReadAction\",\"target\":[\"https:\/\/www.villa-tamoma.com\/es\/politica-de-privacidad\/\"]}]},{\"@type\":\"BreadcrumbList\",\"@id\":\"https:\/\/www.villa-tamoma.com\/es\/politica-de-privacidad\/#breadcrumb\",\"itemListElement\":[{\"@type\":\"ListItem\",\"position\":1,\"name\":\"Home\",\"item\":\"https:\/\/www.villa-tamoma.com\/es\/inicio\/\"},{\"@type\":\"ListItem\",\"position\":2,\"name\":\"Pol\u00edtica de privacidad\"}]},{\"@type\":\"WebSite\",\"@id\":\"https:\/\/www.villa-tamoma.com\/es\/#website\",\"url\":\"https:\/\/www.villa-tamoma.com\/es\/\",\"name\":\"Villa Tamoma Gran Canaria\",\"description\":\"Exclusive Gran Canaria Villa with Private Pool, near to beaches and Maspalomas Dunes\",\"publisher\":{\"@id\":\"https:\/\/www.villa-tamoma.com\/es\/#organization\"},\"alternateName\":\"Villa Tamoma\",\"potentialAction\":[{\"@type\":\"SearchAction\",\"target\":{\"@type\":\"EntryPoint\",\"urlTemplate\":\"https:\/\/www.villa-tamoma.com\/es\/?s={search_term_string}\"},\"query-input\":{\"@type\":\"PropertyValueSpecification\",\"valueRequired\":true,\"valueName\":\"search_term_string\"}}],\"inLanguage\":\"es\"},{\"@type\":\"Organization\",\"@id\":\"https:\/\/www.villa-tamoma.com\/es\/#organization\",\"name\":\"Villa Tamoma Gran Canaria\",\"alternateName\":\"Villa Tamoma\",\"url\":\"https:\/\/www.villa-tamoma.com\/es\/\",\"logo\":{\"@type\":\"ImageObject\",\"inLanguage\":\"es\",\"@id\":\"https:\/\/www.villa-tamoma.com\/es\/#\/schema\/logo\/image\/\",\"url\":\"https:\/\/www.villa-tamoma.com\/wp-content\/uploads\/Villa-Tamoma-50-50.png\",\"contentUrl\":\"https:\/\/www.villa-tamoma.com\/wp-content\/uploads\/Villa-Tamoma-50-50.png\",\"width\":209,\"height\":209,\"caption\":\"Villa Tamoma Gran Canaria\"},\"image\":{\"@id\":\"https:\/\/www.villa-tamoma.com\/es\/#\/schema\/logo\/image\/\"},\"sameAs\":[\"https:\/\/www.facebook.com\/profile.php?id=61566010812703\",\"https:\/\/www.instagram.com\/villatamoma\/\"]}]}<\/script>\n<!-- \/ Yoast SEO plugin. -->","yoast_head_json":{"title":"Pol\u00edtica de privacidad - Villa Tamoma","robots":{"index":"index","follow":"follow","max-snippet":"max-snippet:-1","max-image-preview":"max-image-preview:large","max-video-preview":"max-video-preview:-1"},"canonical":"https:\/\/www.villa-tamoma.com\/es\/politica-de-privacidad\/","og_locale":"es_ES","og_type":"article","og_title":"Pol\u00edtica de privacidad - Villa Tamoma","og_description":"Informaci\u00f3n general Esta Declaraci\u00f3n de Protecci\u00f3n de Datos te ofrece una visi\u00f3n general de c\u00f3mo recopilamos y procesamos tus datos utilizando www.villa-tamoma.com. Procesamos tus datos personales exclusivamente sobre la base del Reglamento UE \/GDPR) de mayo de 2018. De acuerdo con el principio de evitaci\u00f3n y econom\u00eda de datos, registramos y almacenamos datos personales s\u00f3lo [&hellip;]","og_url":"https:\/\/www.villa-tamoma.com\/es\/politica-de-privacidad\/","og_site_name":"Villa Tamoma","article_publisher":"https:\/\/www.facebook.com\/profile.php?id=61566010812703","article_modified_time":"2024-09-22T14:10:10+00:00","twitter_card":"summary_large_image","twitter_misc":{"Tiempo de lectura":"5 minutos"},"schema":{"@context":"https:\/\/schema.org","@graph":[{"@type":"WebPage","@id":"https:\/\/www.villa-tamoma.com\/es\/politica-de-privacidad\/","url":"https:\/\/www.villa-tamoma.com\/es\/politica-de-privacidad\/","name":"Pol\u00edtica de privacidad - Villa Tamoma","isPartOf":{"@id":"https:\/\/www.villa-tamoma.com\/es\/#website"},"datePublished":"2024-08-17T19:33:24+00:00","dateModified":"2024-09-22T14:10:10+00:00","breadcrumb":{"@id":"https:\/\/www.villa-tamoma.com\/es\/politica-de-privacidad\/#breadcrumb"},"inLanguage":"es","potentialAction":[{"@type":"ReadAction","target":["https:\/\/www.villa-tamoma.com\/es\/politica-de-privacidad\/"]}]},{"@type":"BreadcrumbList","@id":"https:\/\/www.villa-tamoma.com\/es\/politica-de-privacidad\/#breadcrumb","itemListElement":[{"@type":"ListItem","position":1,"name":"Home","item":"https:\/\/www.villa-tamoma.com\/es\/inicio\/"},{"@type":"ListItem","position":2,"name":"Pol\u00edtica de privacidad"}]},{"@type":"WebSite","@id":"https:\/\/www.villa-tamoma.com\/es\/#website","url":"https:\/\/www.villa-tamoma.com\/es\/","name":"Villa Tamoma Gran Canaria","description":"Exclusive Gran Canaria Villa with Private Pool, near to beaches and Maspalomas Dunes","publisher":{"@id":"https:\/\/www.villa-tamoma.com\/es\/#organization"},"alternateName":"Villa Tamoma","potentialAction":[{"@type":"SearchAction","target":{"@type":"EntryPoint","urlTemplate":"https:\/\/www.villa-tamoma.com\/es\/?s={search_term_string}"},"query-input":{"@type":"PropertyValueSpecification","valueRequired":true,"valueName":"search_term_string"}}],"inLanguage":"es"},{"@type":"Organization","@id":"https:\/\/www.villa-tamoma.com\/es\/#organization","name":"Villa Tamoma Gran Canaria","alternateName":"Villa Tamoma","url":"https:\/\/www.villa-tamoma.com\/es\/","logo":{"@type":"ImageObject","inLanguage":"es","@id":"https:\/\/www.villa-tamoma.com\/es\/#\/schema\/logo\/image\/","url":"https:\/\/www.villa-tamoma.com\/wp-content\/uploads\/Villa-Tamoma-50-50.png","contentUrl":"https:\/\/www.villa-tamoma.com\/wp-content\/uploads\/Villa-Tamoma-50-50.png","width":209,"height":209,"caption":"Villa Tamoma Gran Canaria"},"image":{"@id":"https:\/\/www.villa-tamoma.com\/es\/#\/schema\/logo\/image\/"},"sameAs":["https:\/\/www.facebook.com\/profile.php?id=61566010812703","https:\/\/www.instagram.com\/villatamoma\/"]}]}},"_links":{"self":[{"href":"https:\/\/www.villa-tamoma.com\/es\/wp-json\/wp\/v2\/pages\/1905"}],"collection":[{"href":"https:\/\/www.villa-tamoma.com\/es\/wp-json\/wp\/v2\/pages"}],"about":[{"href":"https:\/\/www.villa-tamoma.com\/es\/wp-json\/wp\/v2\/types\/page"}],"author":[{"embeddable":true,"href":"https:\/\/www.villa-tamoma.com\/es\/wp-json\/wp\/v2\/users\/1"}],"replies":[{"embeddable":true,"href":"https:\/\/www.villa-tamoma.com\/es\/wp-json\/wp\/v2\/comments?post=1905"}],"version-history":[{"count":6,"href":"https:\/\/www.villa-tamoma.com\/es\/wp-json\/wp\/v2\/pages\/1905\/revisions"}],"predecessor-version":[{"id":1917,"href":"https:\/\/www.villa-tamoma.com\/es\/wp-json\/wp\/v2\/pages\/1905\/revisions\/1917"}],"wp:attachment":[{"href":"https:\/\/www.villa-tamoma.com\/es\/wp-json\/wp\/v2\/media?parent=1905"}],"curies":[{"name":"wp","href":"https:\/\/api.w.org\/{rel}","templated":true}]}}