{"id":1869,"date":"2020-11-04T07:50:15","date_gmt":"2020-11-04T07:50:15","guid":{"rendered":"https:\/\/www.villa-tamoma.com\/contacta-con-nosotros\/"},"modified":"2024-09-27T16:12:25","modified_gmt":"2024-09-27T16:12:25","slug":"contacto","status":"publish","type":"page","link":"https:\/\/www.villa-tamoma.com\/es\/contacto\/","title":{"rendered":"Contacto"},"content":{"rendered":"\t\t<div data-elementor-type=\"wp-page\" data-elementor-id=\"1869\" class=\"elementor elementor-1869 elementor-240\">\n\t\t\t\t\t\t<section class=\"elementor-section elementor-top-section elementor-element elementor-element-bcec4c4 elementor-section-full_width elementor-section-content-middle elementor-section-height-default elementor-section-height-default\" data-id=\"bcec4c4\" data-element_type=\"section\">\n\t\t\t\t\t\t<div class=\"elementor-container elementor-column-gap-default\">\n\t\t\t\t\t<div class=\"elementor-column elementor-col-33 elementor-top-column elementor-element elementor-element-a954b6f\" data-id=\"a954b6f\" data-element_type=\"column\">\n\t\t\t<div class=\"elementor-widget-wrap elementor-element-populated\">\n\t\t\t\t\t\t<div class=\"elementor-element elementor-element-d5272de elementor-widget elementor-widget-heading\" data-id=\"d5272de\" data-element_type=\"widget\" data-widget_type=\"heading.default\">\n\t\t\t\t<div class=\"elementor-widget-container\">\n\t\t\t<style>\/*! elementor - v3.23.0 - 05-08-2024 *\/\n.elementor-heading-title{padding:0;margin:0;line-height:1}.elementor-widget-heading .elementor-heading-title[class*=elementor-size-]>a{color:inherit;font-size:inherit;line-height:inherit}.elementor-widget-heading .elementor-heading-title.elementor-size-small{font-size:15px}.elementor-widget-heading .elementor-heading-title.elementor-size-medium{font-size:19px}.elementor-widget-heading .elementor-heading-title.elementor-size-large{font-size:29px}.elementor-widget-heading .elementor-heading-title.elementor-size-xl{font-size:39px}.elementor-widget-heading .elementor-heading-title.elementor-size-xxl{font-size:59px}<\/style><h2 class=\"elementor-heading-title elementor-size-default\">Contacta con nosotros  <\/h2>\t\t<\/div>\n\t\t\t\t<\/div>\n\t\t\t\t\t<\/div>\n\t\t<\/div>\n\t\t\t\t<div class=\"elementor-column elementor-col-33 elementor-top-column elementor-element elementor-element-7bdf971\" data-id=\"7bdf971\" data-element_type=\"column\">\n\t\t\t<div class=\"elementor-widget-wrap elementor-element-populated\">\n\t\t\t\t\t\t<div class=\"elementor-element elementor-element-5ad87de elementor-widget elementor-widget-text-editor\" data-id=\"5ad87de\" data-element_type=\"widget\" data-widget_type=\"text-editor.default\">\n\t\t\t\t<div class=\"elementor-widget-container\">\n\t\t\t<style>\/*! elementor - v3.23.0 - 05-08-2024 *\/\n.elementor-widget-text-editor.elementor-drop-cap-view-stacked .elementor-drop-cap{background-color:#69727d;color:#fff}.elementor-widget-text-editor.elementor-drop-cap-view-framed .elementor-drop-cap{color:#69727d;border:3px solid;background-color:transparent}.elementor-widget-text-editor:not(.elementor-drop-cap-view-default) .elementor-drop-cap{margin-top:8px}.elementor-widget-text-editor:not(.elementor-drop-cap-view-default) .elementor-drop-cap-letter{width:1em;height:1em}.elementor-widget-text-editor .elementor-drop-cap{float:left;text-align:center;line-height:1;font-size:50px}.elementor-widget-text-editor .elementor-drop-cap-letter{display:inline-block}<\/style>\t\t\t\t<p><a href=\"mailto:booking@villa-tamoma.com\">booking@villa-tamoma.com<\/a><br \/><a href=\"https:\/\/wa.me\/34671605580\">Env\u00edanos un Whatsapp<\/a><\/p>\n\t\t\t\t\t\t<\/div>\n\t\t\t\t<\/div>\n\t\t\t\t\t<\/div>\n\t\t<\/div>\n\t\t\t\t<div class=\"elementor-column elementor-col-33 elementor-top-column elementor-element elementor-element-3c6d6eb\" data-id=\"3c6d6eb\" data-element_type=\"column\">\n\t\t\t<div class=\"elementor-widget-wrap elementor-element-populated\">\n\t\t\t\t\t\t<div class=\"elementor-element elementor-element-aba77f3 elementor-widget elementor-widget-text-editor\" data-id=\"aba77f3\" data-element_type=\"widget\" data-widget_type=\"text-editor.default\">\n\t\t\t\t<div class=\"elementor-widget-container\">\n\t\t\t\t\t\t\t<p>35100 Maspalomas, Sonnenland<br \/>Gran Canaria, Espa\u00f1a<\/p>\n\t\t\t\t\t\t<\/div>\n\t\t\t\t<\/div>\n\t\t\t\t\t<\/div>\n\t\t<\/div>\n\t\t\t\t\t<\/div>\n\t\t<\/section>\n\t\t\t\t<section class=\"elementor-section elementor-top-section elementor-element elementor-element-a85d1c7 elementor-section-full_width elementor-section-height-default elementor-section-height-default\" data-id=\"a85d1c7\" data-element_type=\"section\" data-settings=\"{&quot;background_background&quot;:&quot;classic&quot;}\">\n\t\t\t\t\t\t<div class=\"elementor-container elementor-column-gap-default\">\n\t\t\t\t\t<div class=\"elementor-column elementor-col-50 elementor-top-column elementor-element elementor-element-76bf1ae\" data-id=\"76bf1ae\" data-element_type=\"column\" data-settings=\"{&quot;background_background&quot;:&quot;classic&quot;}\">\n\t\t\t<div class=\"elementor-widget-wrap\">\n\t\t\t\t\t\t\t<\/div>\n\t\t<\/div>\n\t\t\t\t<div class=\"elementor-column elementor-col-50 elementor-top-column elementor-element elementor-element-8fb1caa\" data-id=\"8fb1caa\" data-element_type=\"column\">\n\t\t\t<div class=\"elementor-widget-wrap elementor-element-populated\">\n\t\t\t\t\t\t<section class=\"elementor-section elementor-inner-section elementor-element elementor-element-0d004d5 elementor-section-boxed elementor-section-height-default elementor-section-height-default\" data-id=\"0d004d5\" data-element_type=\"section\" data-settings=\"{&quot;background_background&quot;:&quot;classic&quot;}\">\n\t\t\t\t\t\t<div class=\"elementor-container elementor-column-gap-no\">\n\t\t\t\t\t<div class=\"elementor-column elementor-col-100 elementor-inner-column elementor-element elementor-element-b35403f\" data-id=\"b35403f\" data-element_type=\"column\">\n\t\t\t<div class=\"elementor-widget-wrap elementor-element-populated\">\n\t\t\t\t\t\t<div class=\"elementor-element elementor-element-6d0d36c elementor-widget elementor-widget-heading\" data-id=\"6d0d36c\" data-element_type=\"widget\" data-widget_type=\"heading.default\">\n\t\t\t\t<div class=\"elementor-widget-container\">\n\t\t\t<h3 class=\"elementor-heading-title elementor-size-default\">Ponte en contacto con nosotros para reservar Villa Tamoma<\/h3>\t\t<\/div>\n\t\t\t\t<\/div>\n\t\t\t\t<div class=\"elementor-element elementor-element-e441999 elementor-widget elementor-widget-text-editor\" data-id=\"e441999\" data-element_type=\"widget\" data-widget_type=\"text-editor.default\">\n\t\t\t\t<div class=\"elementor-widget-container\">\n\t\t\t\t\t\t\t<p>Hablamos ingl\u00e9s, espa\u00f1ol, alem\u00e1n y polaco.  <\/p>\n<p>No dudes en ponerte en contacto con nosotros en tu idioma.<\/p>\n\t\t\t\t\t\t<\/div>\n\t\t\t\t<\/div>\n\t\t\t\t<div class=\"elementor-element elementor-element-68fc5ee elementor-widget elementor-widget-shortcode\" data-id=\"68fc5ee\" data-element_type=\"widget\" data-widget_type=\"shortcode.default\">\n\t\t\t\t<div class=\"elementor-widget-container\">\n\t\t\t\t\t<div class=\"elementor-shortcode\">\n<div class=\"wpcf7 no-js\" id=\"wpcf7-f2017-o1\" lang=\"es-ES\" dir=\"ltr\">\n<div class=\"screen-reader-response\"><p role=\"status\" aria-live=\"polite\" aria-atomic=\"true\"><\/p> <ul><\/ul><\/div>\n<form action=\"\/es\/wp-json\/wp\/v2\/pages\/1869#wpcf7-f2017-o1\" method=\"post\" class=\"wpcf7-form init\" aria-label=\"Formulario de contacto\" novalidate=\"novalidate\" data-status=\"init\">\n<div style=\"display: none;\">\n<input type=\"hidden\" name=\"_wpcf7\" value=\"2017\" \/>\n<input type=\"hidden\" name=\"_wpcf7_version\" value=\"5.9.8\" \/>\n<input type=\"hidden\" name=\"_wpcf7_locale\" value=\"es_ES\" \/>\n<input type=\"hidden\" name=\"_wpcf7_unit_tag\" value=\"wpcf7-f2017-o1\" \/>\n<input type=\"hidden\" name=\"_wpcf7_container_post\" value=\"0\" \/>\n<input type=\"hidden\" name=\"_wpcf7_posted_data_hash\" value=\"\" \/>\n<\/div>\n<p class=\"half-width\"><br \/>\n<label> Nombre* <span class=\"wpcf7-form-control-wrap\" data-name=\"your-name\"><input size=\"40\" maxlength=\"400\" class=\"wpcf7-form-control wpcf7-text wpcf7-validates-as-required\" aria-required=\"true\" aria-invalid=\"false\" placeholder=\"Tu nombre\" value=\"\" type=\"text\" name=\"your-name\" \/><\/span> <\/label>\n<\/p>\n<p class=\"half-width\"><br \/>\n<label> Correo electr\u00f3nico* <span class=\"wpcf7-form-control-wrap\" data-name=\"your-email\"><input size=\"40\" maxlength=\"400\" class=\"wpcf7-form-control wpcf7-email wpcf7-validates-as-required wpcf7-text wpcf7-validates-as-email\" aria-required=\"true\" aria-invalid=\"false\" placeholder=\"Tu correo electr\u00f3nico\" value=\"\" type=\"email\" name=\"your-email\" \/><\/span> <\/label>\n<\/p>\n<p><br \/>\n<label> Mensaje <span class=\"wpcf7-form-control-wrap\" data-name=\"your-message\"><textarea cols=\"10\" rows=\"5\" maxlength=\"2000\" class=\"wpcf7-form-control wpcf7-textarea\" aria-invalid=\"false\" placeholder=\"Tu mensaje\" name=\"your-message\"><\/textarea><\/span> <\/label>\n<\/p>\n<p><br \/>\n<input class=\"wpcf7-form-control wpcf7-submit has-spinner\" type=\"submit\" value=\"Enviar mensaje\" \/>\n<\/p><div class=\"wpcf7-response-output\" aria-hidden=\"true\"><\/div>\n<\/form>\n<\/div>\n<\/div>\n\t\t\t\t<\/div>\n\t\t\t\t<\/div>\n\t\t\t\t\t<\/div>\n\t\t<\/div>\n\t\t\t\t\t<\/div>\n\t\t<\/section>\n\t\t\t\t\t<\/div>\n\t\t<\/div>\n\t\t\t\t\t<\/div>\n\t\t<\/section>\n\t\t<div class=\"elementor-element elementor-element-64467b4 e-con-full e-flex e-con e-parent\" data-id=\"64467b4\" data-element_type=\"container\" data-settings=\"{&quot;background_background&quot;:&quot;classic&quot;}\">\n\t\t\t\t<div class=\"elementor-element elementor-element-d8fc8ad elementor-widget elementor-widget-stratum-advanced-google-map\" data-id=\"d8fc8ad\" data-element_type=\"widget\" data-settings=\"{&quot;zoom_level&quot;:{&quot;unit&quot;:&quot;px&quot;,&quot;size&quot;:14,&quot;sizes&quot;:[]},&quot;map_lat&quot;:27.75633,&quot;map_lng&quot;:-15.6049,&quot;marker_title&quot;:&quot;Villa Tamoma&quot;,&quot;marker_lat&quot;:&quot;27.756330&quot;,&quot;marker_lng&quot;:&quot;-15.604900&quot;,&quot;marker_content&quot;:&quot;Villa Tamoma&quot;,&quot;map_type_setup&quot;:&quot;single&quot;,&quot;interaction&quot;:&quot;cooperative&quot;,&quot;marker_type_setup&quot;:&quot;coordinates&quot;,&quot;popup_max_width&quot;:250,&quot;street_view_control&quot;:&quot;yes&quot;,&quot;map_type_control&quot;:&quot;yes&quot;,&quot;zoom_control&quot;:&quot;yes&quot;,&quot;fullscreen_control&quot;:&quot;yes&quot;,&quot;map_theme_source&quot;:&quot;standard&quot;,&quot;map_standards_styles&quot;:&quot;standard&quot;}\" data-widget_type=\"stratum-advanced-google-map.default\">\n\t\t\t\t<div class=\"elementor-widget-container\">\n\t\t\t<div class=\"stratum-advanced-google-map\" data-map-options=\"{&quot;center&quot;:{&quot;mapLat&quot;:&quot;27.75633&quot;,&quot;mapLng&quot;:&quot;-15.6049&quot;},&quot;controls&quot;:{&quot;streetViewControl&quot;:true,&quot;mapTypeControl&quot;:true,&quot;zoomControl&quot;:true,&quot;fullscreenControl&quot;:true},&quot;zoomLevel&quot;:{&quot;unit&quot;:&quot;px&quot;,&quot;size&quot;:14,&quot;sizes&quot;:[]},&quot;markerTypeSetup&quot;:&quot;coordinates&quot;,&quot;mapTypeSetup&quot;:&quot;single&quot;,&quot;interaction&quot;:&quot;cooperative&quot;,&quot;markers&quot;:[{&quot;markerLat&quot;:&quot;27.756330&quot;,&quot;markerLng&quot;:&quot;-15.604900&quot;,&quot;markerTitle&quot;:&quot;Villa Tamoma&quot;,&quot;markerContent&quot;:&quot;Villa Tamoma&quot;,&quot;popupMaxWidth&quot;:250,&quot;isOpenPopup&quot;:false}],&quot;mapTheme&quot;:&quot;standard&quot;}\">\n    <div class=\"stratum-advanced-google-map__container\"><\/div>\n<\/div>\n\t\t<\/div>\n\t\t\t\t<\/div>\n\t\t\t\t<\/div>\n\t\t\t\t<\/div>\n\t\t","protected":false},"excerpt":{"rendered":"<p>Contacta con nosotros booking@villa-tamoma.comEnv\u00edanos un Whatsapp 35100 Maspalomas, SonnenlandGran Canaria, Espa\u00f1a Ponte en contacto con nosotros para reservar Villa Tamoma Hablamos ingl\u00e9s, espa\u00f1ol, alem\u00e1n y polaco. No dudes en ponerte en contacto con nosotros en tu idioma.<\/p>\n","protected":false},"author":2,"featured_media":0,"parent":0,"menu_order":0,"comment_status":"closed","ping_status":"closed","template":"template-page-wide-canvas.php","meta":{"inline_featured_image":false,"footnotes":""},"class_list":["post-1869","page","type-page","status-publish","hentry"],"yoast_head":"<!-- This site is optimized with the Yoast SEO plugin v23.5 - https:\/\/yoast.com\/wordpress\/plugins\/seo\/ -->\n<title>Contacto - Villa Tamoma<\/title>\n<meta name=\"description\" content=\"Ponte en contacto con nosotros para reservar tu vivienda vacacional de lujo en el sur de Gran Canaria. Nuestro equipo est\u00e1 aqu\u00ed para ayudarte.\" \/>\n<meta name=\"robots\" content=\"index, follow, max-snippet:-1, max-image-preview:large, max-video-preview:-1\" \/>\n<link rel=\"canonical\" href=\"https:\/\/www.villa-tamoma.com\/es\/contacto\/\" \/>\n<meta property=\"og:locale\" content=\"es_ES\" \/>\n<meta property=\"og:type\" content=\"article\" \/>\n<meta property=\"og:title\" content=\"Contacto - Villa Tamoma\" \/>\n<meta property=\"og:description\" content=\"Ponte en contacto con nosotros para reservar tu vivienda vacacional de lujo en el sur de Gran Canaria. Nuestro equipo est\u00e1 aqu\u00ed para ayudarte.\" \/>\n<meta property=\"og:url\" content=\"https:\/\/www.villa-tamoma.com\/es\/contacto\/\" \/>\n<meta property=\"og:site_name\" content=\"Villa Tamoma\" \/>\n<meta property=\"article:publisher\" content=\"https:\/\/www.facebook.com\/profile.php?id=61566010812703\" \/>\n<meta property=\"article:modified_time\" content=\"2024-09-27T16:12:25+00:00\" \/>\n<meta name=\"twitter:card\" content=\"summary_large_image\" \/>\n<meta name=\"twitter:label1\" content=\"Tiempo de lectura\" \/>\n\t<meta name=\"twitter:data1\" content=\"1 minuto\" \/>\n<script type=\"application\/ld+json\" class=\"yoast-schema-graph\">{\"@context\":\"https:\/\/schema.org\",\"@graph\":[{\"@type\":\"WebPage\",\"@id\":\"https:\/\/www.villa-tamoma.com\/es\/contacto\/\",\"url\":\"https:\/\/www.villa-tamoma.com\/es\/contacto\/\",\"name\":\"Contacto - Villa Tamoma\",\"isPartOf\":{\"@id\":\"https:\/\/www.villa-tamoma.com\/es\/#website\"},\"datePublished\":\"2020-11-04T07:50:15+00:00\",\"dateModified\":\"2024-09-27T16:12:25+00:00\",\"description\":\"Ponte en contacto con nosotros para reservar tu vivienda vacacional de lujo en el sur de Gran Canaria. Nuestro equipo est\u00e1 aqu\u00ed para ayudarte.\",\"breadcrumb\":{\"@id\":\"https:\/\/www.villa-tamoma.com\/es\/contacto\/#breadcrumb\"},\"inLanguage\":\"es\",\"potentialAction\":[{\"@type\":\"ReadAction\",\"target\":[\"https:\/\/www.villa-tamoma.com\/es\/contacto\/\"]}]},{\"@type\":\"BreadcrumbList\",\"@id\":\"https:\/\/www.villa-tamoma.com\/es\/contacto\/#breadcrumb\",\"itemListElement\":[{\"@type\":\"ListItem\",\"position\":1,\"name\":\"Home\",\"item\":\"https:\/\/www.villa-tamoma.com\/es\/inicio\/\"},{\"@type\":\"ListItem\",\"position\":2,\"name\":\"Contacto\"}]},{\"@type\":\"WebSite\",\"@id\":\"https:\/\/www.villa-tamoma.com\/es\/#website\",\"url\":\"https:\/\/www.villa-tamoma.com\/es\/\",\"name\":\"Villa Tamoma Gran Canaria\",\"description\":\"Exclusive Gran Canaria Villa with Private Pool, near to beaches and Maspalomas Dunes\",\"publisher\":{\"@id\":\"https:\/\/www.villa-tamoma.com\/es\/#organization\"},\"alternateName\":\"Villa Tamoma\",\"potentialAction\":[{\"@type\":\"SearchAction\",\"target\":{\"@type\":\"EntryPoint\",\"urlTemplate\":\"https:\/\/www.villa-tamoma.com\/es\/?s={search_term_string}\"},\"query-input\":{\"@type\":\"PropertyValueSpecification\",\"valueRequired\":true,\"valueName\":\"search_term_string\"}}],\"inLanguage\":\"es\"},{\"@type\":\"Organization\",\"@id\":\"https:\/\/www.villa-tamoma.com\/es\/#organization\",\"name\":\"Villa Tamoma Gran Canaria\",\"alternateName\":\"Villa Tamoma\",\"url\":\"https:\/\/www.villa-tamoma.com\/es\/\",\"logo\":{\"@type\":\"ImageObject\",\"inLanguage\":\"es\",\"@id\":\"https:\/\/www.villa-tamoma.com\/es\/#\/schema\/logo\/image\/\",\"url\":\"https:\/\/www.villa-tamoma.com\/wp-content\/uploads\/Villa-Tamoma-50-50.png\",\"contentUrl\":\"https:\/\/www.villa-tamoma.com\/wp-content\/uploads\/Villa-Tamoma-50-50.png\",\"width\":209,\"height\":209,\"caption\":\"Villa Tamoma Gran Canaria\"},\"image\":{\"@id\":\"https:\/\/www.villa-tamoma.com\/es\/#\/schema\/logo\/image\/\"},\"sameAs\":[\"https:\/\/www.facebook.com\/profile.php?id=61566010812703\",\"https:\/\/www.instagram.com\/villatamoma\/\"]}]}<\/script>\n<!-- \/ Yoast SEO plugin. -->","yoast_head_json":{"title":"Contacto - Villa Tamoma","description":"Ponte en contacto con nosotros para reservar tu vivienda vacacional de lujo en el sur de Gran Canaria. Nuestro equipo est\u00e1 aqu\u00ed para ayudarte.","robots":{"index":"index","follow":"follow","max-snippet":"max-snippet:-1","max-image-preview":"max-image-preview:large","max-video-preview":"max-video-preview:-1"},"canonical":"https:\/\/www.villa-tamoma.com\/es\/contacto\/","og_locale":"es_ES","og_type":"article","og_title":"Contacto - Villa Tamoma","og_description":"Ponte en contacto con nosotros para reservar tu vivienda vacacional de lujo en el sur de Gran Canaria. Nuestro equipo est\u00e1 aqu\u00ed para ayudarte.","og_url":"https:\/\/www.villa-tamoma.com\/es\/contacto\/","og_site_name":"Villa Tamoma","article_publisher":"https:\/\/www.facebook.com\/profile.php?id=61566010812703","article_modified_time":"2024-09-27T16:12:25+00:00","twitter_card":"summary_large_image","twitter_misc":{"Tiempo de lectura":"1 minuto"},"schema":{"@context":"https:\/\/schema.org","@graph":[{"@type":"WebPage","@id":"https:\/\/www.villa-tamoma.com\/es\/contacto\/","url":"https:\/\/www.villa-tamoma.com\/es\/contacto\/","name":"Contacto - Villa Tamoma","isPartOf":{"@id":"https:\/\/www.villa-tamoma.com\/es\/#website"},"datePublished":"2020-11-04T07:50:15+00:00","dateModified":"2024-09-27T16:12:25+00:00","description":"Ponte en contacto con nosotros para reservar tu vivienda vacacional de lujo en el sur de Gran Canaria. Nuestro equipo est\u00e1 aqu\u00ed para ayudarte.","breadcrumb":{"@id":"https:\/\/www.villa-tamoma.com\/es\/contacto\/#breadcrumb"},"inLanguage":"es","potentialAction":[{"@type":"ReadAction","target":["https:\/\/www.villa-tamoma.com\/es\/contacto\/"]}]},{"@type":"BreadcrumbList","@id":"https:\/\/www.villa-tamoma.com\/es\/contacto\/#breadcrumb","itemListElement":[{"@type":"ListItem","position":1,"name":"Home","item":"https:\/\/www.villa-tamoma.com\/es\/inicio\/"},{"@type":"ListItem","position":2,"name":"Contacto"}]},{"@type":"WebSite","@id":"https:\/\/www.villa-tamoma.com\/es\/#website","url":"https:\/\/www.villa-tamoma.com\/es\/","name":"Villa Tamoma Gran Canaria","description":"Exclusive Gran Canaria Villa with Private Pool, near to beaches and Maspalomas Dunes","publisher":{"@id":"https:\/\/www.villa-tamoma.com\/es\/#organization"},"alternateName":"Villa Tamoma","potentialAction":[{"@type":"SearchAction","target":{"@type":"EntryPoint","urlTemplate":"https:\/\/www.villa-tamoma.com\/es\/?s={search_term_string}"},"query-input":{"@type":"PropertyValueSpecification","valueRequired":true,"valueName":"search_term_string"}}],"inLanguage":"es"},{"@type":"Organization","@id":"https:\/\/www.villa-tamoma.com\/es\/#organization","name":"Villa Tamoma Gran Canaria","alternateName":"Villa Tamoma","url":"https:\/\/www.villa-tamoma.com\/es\/","logo":{"@type":"ImageObject","inLanguage":"es","@id":"https:\/\/www.villa-tamoma.com\/es\/#\/schema\/logo\/image\/","url":"https:\/\/www.villa-tamoma.com\/wp-content\/uploads\/Villa-Tamoma-50-50.png","contentUrl":"https:\/\/www.villa-tamoma.com\/wp-content\/uploads\/Villa-Tamoma-50-50.png","width":209,"height":209,"caption":"Villa Tamoma Gran Canaria"},"image":{"@id":"https:\/\/www.villa-tamoma.com\/es\/#\/schema\/logo\/image\/"},"sameAs":["https:\/\/www.facebook.com\/profile.php?id=61566010812703","https:\/\/www.instagram.com\/villatamoma\/"]}]}},"_links":{"self":[{"href":"https:\/\/www.villa-tamoma.com\/es\/wp-json\/wp\/v2\/pages\/1869"}],"collection":[{"href":"https:\/\/www.villa-tamoma.com\/es\/wp-json\/wp\/v2\/pages"}],"about":[{"href":"https:\/\/www.villa-tamoma.com\/es\/wp-json\/wp\/v2\/types\/page"}],"author":[{"embeddable":true,"href":"https:\/\/www.villa-tamoma.com\/es\/wp-json\/wp\/v2\/users\/2"}],"replies":[{"embeddable":true,"href":"https:\/\/www.villa-tamoma.com\/es\/wp-json\/wp\/v2\/comments?post=1869"}],"version-history":[{"count":10,"href":"https:\/\/www.villa-tamoma.com\/es\/wp-json\/wp\/v2\/pages\/1869\/revisions"}],"predecessor-version":[{"id":2330,"href":"https:\/\/www.villa-tamoma.com\/es\/wp-json\/wp\/v2\/pages\/1869\/revisions\/2330"}],"wp:attachment":[{"href":"https:\/\/www.villa-tamoma.com\/es\/wp-json\/wp\/v2\/media?parent=1869"}],"curies":[{"name":"wp","href":"https:\/\/api.w.org\/{rel}","templated":true}]}}