{"id":1925,"date":"2024-08-17T19:33:24","date_gmt":"2024-08-17T19:33:24","guid":{"rendered":"https:\/\/www.villa-tamoma.com\/datenschutzbestimmungen\/"},"modified":"2024-09-28T11:04:17","modified_gmt":"2024-09-28T11:04:17","slug":"datenschutz","status":"publish","type":"page","link":"https:\/\/www.villa-tamoma.com\/de\/datenschutz\/","title":{"rendered":"Datenschutzbestimmungen"},"content":{"rendered":"\t\t<div data-elementor-type=\"wp-page\" data-elementor-id=\"1925\" class=\"elementor elementor-1925 elementor-3\">\n\t\t\t\t<div class=\"elementor-element elementor-element-424a17a3 e-flex e-con-boxed e-con e-parent\" data-id=\"424a17a3\" data-element_type=\"container\">\n\t\t\t\t\t<div class=\"e-con-inner\">\n\t\t\t\t<div class=\"elementor-element elementor-element-43475a5f elementor-widget elementor-widget-text-editor\" data-id=\"43475a5f\" data-element_type=\"widget\" data-widget_type=\"text-editor.default\">\n\t\t\t\t<div class=\"elementor-widget-container\">\n\t\t\t<style>\/*! elementor - v3.23.0 - 05-08-2024 *\/\n.elementor-widget-text-editor.elementor-drop-cap-view-stacked .elementor-drop-cap{background-color:#69727d;color:#fff}.elementor-widget-text-editor.elementor-drop-cap-view-framed .elementor-drop-cap{color:#69727d;border:3px solid;background-color:transparent}.elementor-widget-text-editor:not(.elementor-drop-cap-view-default) .elementor-drop-cap{margin-top:8px}.elementor-widget-text-editor:not(.elementor-drop-cap-view-default) .elementor-drop-cap-letter{width:1em;height:1em}.elementor-widget-text-editor .elementor-drop-cap{float:left;text-align:center;line-height:1;font-size:50px}.elementor-widget-text-editor .elementor-drop-cap-letter{display:inline-block}<\/style>\t\t\t\t\n<h2 class=\"wp-block-heading\">Allgemeine Informationen<\/h2>\n\n<p>Diese Datenschutzerkl\u00e4rung gibt Ihnen einen \u00dcberblick dar\u00fcber, wie wir Ihre Daten mit Hilfe von www.villa-tamoma.com erfassen und verarbeiten.\nWir verarbeiten Ihre personenbezogenen Daten ausschlie\u00dflich auf der Grundlage der EU-Verordnung \/GDPR) vom Mai 2018.\nGem\u00e4\u00df dem Grundsatz der Datenvermeidung und Datensparsamkeit erfassen und speichern wir personenbezogene Daten nur, wenn sie notwendig sind.  <\/p>\n<p>Personenbezogene Daten sind alle Informationen, die sich auf eine identifizierte oder identifizierbare lebende Person beziehen.\nZum Beispiel: Name, Geburtsdatum, Telefonnummer, Wohnadresse oder die IP-Adresse Ihres Ger\u00e4ts usw. <\/p>\n\n<h2 class=\"wp-block-heading\">1. Welche Art von Daten wir sammeln:<\/h2>\n<h5>1.1.\nCorrespondence <\/h5>\n<p>Wenn Sie uns per E-Mail, Telefon, Kontaktformular oder Facebook kontaktieren, werden wir diese Daten erfassen und speichern, um Ihre Anfrage beantworten zu k\u00f6nnen (Artikel 6 GDPR):<\/p>\n<p>Name<br>Nachname<br>E-Mail<br>Telefonnummer<br>Pers\u00f6nliche Daten, die Sie beim Ausf\u00fcllen der Formulare angeben<\/p>\n<p>Diese Daten sind erforderlich, um Ihre Anfrage zu beantworten.\nOhne diese Daten k\u00f6nnen wir Ihre Anfrage nicht bearbeiten.\nDie Daten werden m\u00f6glicherweise in einem Customer-Relationship-Management-System (&#8220;CRM-System&#8221;) gespeichert.\nWir weisen darauf hin, dass die Daten\u00fcbertragung im Internet (z.B. bei der Kommunikation per E-Mail) Sicherheitsl\u00fccken aufweisen kann.   <\/p>\n<h5>1.2.\nPersonal data for technical purposes <\/h5>\n<p>Aus technischen Gr\u00fcnden k\u00f6nnen bei einem Besuch unserer Website bestimmte Daten erhoben und gespeichert werden.\nDiese Daten werden in einem Server-Logfile registriert und werden zu statistischen Zwecken verwendet und haben keinen Personenbezug.<br>Dar\u00fcber hinaus sind diese Daten notwendig, um die Stabilit\u00e4t und Sicherheit unserer Website zu gew\u00e4hrleisten. <\/p>\n<p>Diese Daten werden gesammelt:<\/p>\n<p>IP-Adresse<br>Datum und Uhrzeit Ihrer Besuche<br>Betriebssystem und Webbrowser<br>Ger\u00e4tetyp<br>Logfiles (zur Sicherstellung des ordnungsgem\u00e4ssen Betriebs der Website)<\/p>\n<h5>1.2.1 Cookies<\/h5>\n<p>Diese Website verwendet sogenannte &#8220;Cookies&#8221;.\nCookies richten auf Ihrem Computer keinen Schaden an und enthalten weder Viren noch andere sch\u00e4dliche Tools.\nCookies sind kleine Textdateien, die von Ihrem Browser auf Ihrem Computer gespeichert werden.  <\/p>\n<p>Die meisten Cookies, die wir verwenden, sind sogenannte &#8220;Session-Cookies&#8221;.\nSie werden am Ende Ihrer Sitzung automatisch gel\u00f6scht.\nWir verwenden aber auch permanente Cookies, die auf Ihrem Computer gespeichert bleiben, bis Sie sie l\u00f6schen.\nDiese Cookies erm\u00f6glichen es unserem System, Ihren Browser nach dem Schlie\u00dfen unserer Website wiederzuerkennen.   <\/p>\n<p>Sie k\u00f6nnen Ihren Browser so einstellen, dass Sie immer \u00fcber gesetzte Cookies informiert werden oder dass Sie diese standardm\u00e4\u00dfig ablehnen.\nAllerdings kann die Deaktivierung oder Ablehnung von Cookies die Funktionalit\u00e4t unseres Webangebots einschr\u00e4nken.   <\/p>\n\n<h2 class=\"wp-block-heading\">2. Dritte Parteien<\/h2>\n\n<p>2.1.\nGoogle Maps<br>We use \u201cGoogle Maps\u201d from Google LLC, 1600 Amphitheatre Parkway, Mountain View, CA 94043, USA.\nWhen using Google Maps on this website, user information and a user&#8217;s IP address will be transferred and stored on Google&#8217;s servers.    <br>Weitere Informationen zu den Datenschutzrichtlinien von Google Inc. finden Sie unter: https:\/\/www.google.com\/policies\/privacy\/, oder deaktivieren Sie diese Funktion unter: https:\/\/adssettings.google.com\/authenticated.<\/p>\n<p>2.2.\nSocial Media Plugins<br>The following Social Media Plugins are used on our site: <\/p>\n<p>Facebook <br>(Anbieter: Facebook Inc., 1601 S. California Ave, Palo Alto, CA 94304, USA)<br>Datenschutzbestimmungen: http:\/\/www.facebook.com\/policy.php<\/p>\n<p>Twitter (Anbieter: Twitter Inc., 795 Folsom St., Suite 600, San Francisco, CA 94107, USA)<br>Datenschutzbestimmungen: http:\/\/twitter.com\/privacy\/<\/p>\n<p>Inhalte, die Ihnen gefallen, k\u00f6nnen mit Hilfe dieser Plugins mit Freunden und sozialen Netzwerken geteilt werden.\nDies f\u00e4llt unter den gesetzlichen Artikel 6 (1) der GDPR. <\/p>\n<p>&#8220;2-Klick-Methode&#8221;<br>Die Plugins der sozialen Netzwerke sind auf unserer Website mit der 2-Klick-Methode integriert: Die Plugins sind inaktiv, was Sie an dem ausgegrauten Bereich des Plugins erkennen k\u00f6nnen.\nEs findet keine Daten\u00fcbertragung zu den Servern der sozialen Netzwerke statt.\nNur wenn Sie das Plugin mit einem ersten Klick aktivieren, erlauben Sie die Daten\u00fcbertragung: Es wird mit dem Server des jeweiligen sozialen Netzwerks verbunden und es werden Daten an den jeweiligen Dienstanbieter \u00fcbermittelt, n\u00e4mlich Ihre IP-Adresse, die von Ihnen besuchte Website, Datum und Uhrzeit des Seitenaufrufs, der Referrer, der Browsertyp und die Browserversion sowie das Betriebssystem des verwendeten Computers.\nDiese Daten werden auch dann \u00fcbertragen, wenn Sie das Plugin aktivieren, wenn Sie nicht als Benutzer bei dem sozialen Netzwerk registriert oder eingeloggt sind.\nWenn Sie beim Besuch unserer Website als Nutzer des Netzwerks eingeloggt sind, k\u00f6nnen die \u00fcbermittelten Daten vom Anbieter des sozialen Netzwerks Ihrem Benutzerkonto zugeordnet werden, so dass der Anbieter ein Profil Ihres Surfverhaltens erstellen kann.    <\/p>\n\n<h2 class=\"wp-block-heading\">3. Datenaufbewahrung<\/h2>\n<p class=\"wp-block-heading\">Wir werden Ihre Daten am Ende des dritten Jahres, nachdem Sie uns nicht mehr besucht haben, l\u00f6schen.\nDaten, die f\u00fcr technische Zwecke erhoben wurden, werden sofort oder 7 Tage nach Ihrem letzten Besuch gel\u00f6scht. <\/p>\n<p><\/p>\n<p class=\"wp-block-heading\">Eingebettete Inhalte von anderen Websites.<\/p>\n\n<h2 class=\"wp-block-heading\">4. An wen werden meine Daten weitergeleitet?<\/h2>\n\n<p>Ihre pers\u00f6nlichen Daten werden verwendet, um Ihre Anfrage zu beantworten.\nSie werden nicht ohne Ihre Zustimmung an Dritte weitergegeben.   <br>Nur Daten f\u00fcr technische Zwecke werden an unseren Hosting-Provider weitergeleitet.\nDer Provider ist streng vertraglich verpflichtet (Artikel 28 GDPR). <\/p>\n\n<h2 class=\"wp-block-heading\">5. Verschl\u00fcsselung pers\u00f6nlicher Daten<\/h2>\n<p class=\"wp-block-heading\">Alle Informationen, die Sie uns zur Verf\u00fcgung stellen, werden mit der neuesten Internet-Sicherheitstechnologie SSL (Secure Sockets Layer) sicher \u00fcbertragen.<\/p>\n\n<h2 class=\"wp-block-heading\">6. Welche Rechte Sie \u00fcber Ihre Daten haben<\/h2>\n\n<p>Sie haben die folgenden gesetzlichen Datenschutzrechte unter den entsprechenden gesetzlichen Bedingungen: Recht auf Auskunft (Art. 15 DSGVO), Recht auf L\u00f6schung (Art. 17 DSGVO), Recht auf Berichtigung (Art. 16 DSGVO), Recht auf Einschr\u00e4nkung der Verarbeitung (Art. 18 DSGVO), Recht auf Daten\u00fcbertragbarkeit (Art. 20 DSGVO), Recht auf Beschwerde bei einer Aufsichtsbeh\u00f6rde (Art. 77 DSGVO), Recht auf Widerruf der Einwilligung (Art. 7 (3) DSGVO) sowie das Recht auf Widerspruch gegen bestimmte Datenverarbeitungsma\u00dfnahmen (Art. 21 DSGVO).<\/p>\n\n<h2 class=\"wp-block-heading\">7. Kontakt zum Datenverantwortlichen<\/h2>\n\n<p>Bitte kontaktieren Sie uns, wenn Sie weitere Informationen \u00fcber die Verarbeitung Ihrer pers\u00f6nlichen Daten oder andere Fragen zum Datenschutz im Allgemeinen w\u00fcnschen:<\/p>\n<p>Teresa Morell-Mandes<br>Telefon: +34 671605580<br>E-Mail: booking@villa-tamoma.com<\/p>\n\n<p> <\/p>\t\t\t\t\t\t<\/div>\n\t\t\t\t<\/div>\n\t\t\t\t\t<\/div>\n\t\t\t\t<\/div>\n\t\t\t\t<\/div>\n\t\t","protected":false},"excerpt":{"rendered":"<p>Allgemeine Informationen Diese Datenschutzerkl\u00e4rung gibt Ihnen einen \u00dcberblick dar\u00fcber, wie wir Ihre Daten mit Hilfe von www.villa-tamoma.com erfassen und verarbeiten. Wir verarbeiten Ihre personenbezogenen Daten ausschlie\u00dflich auf der Grundlage der EU-Verordnung \/GDPR) vom Mai 2018. Gem\u00e4\u00df dem Grundsatz der Datenvermeidung und Datensparsamkeit erfassen und speichern wir personenbezogene Daten nur, wenn sie notwendig sind. Personenbezogene Daten [&hellip;]<\/p>\n","protected":false},"author":1,"featured_media":0,"parent":0,"menu_order":0,"comment_status":"closed","ping_status":"open","template":"","meta":{"inline_featured_image":false,"footnotes":""},"class_list":["post-1925","page","type-page","status-publish","hentry"],"yoast_head":"<!-- This site is optimized with the Yoast SEO plugin v23.5 - https:\/\/yoast.com\/wordpress\/plugins\/seo\/ -->\n<title>Datenschutzbestimmungen - Villa Tamoma<\/title>\n<meta name=\"robots\" content=\"index, follow, max-snippet:-1, max-image-preview:large, max-video-preview:-1\" \/>\n<link rel=\"canonical\" href=\"https:\/\/www.villa-tamoma.com\/de\/datenschutz\/\" \/>\n<meta property=\"og:locale\" content=\"de_DE\" \/>\n<meta property=\"og:type\" content=\"article\" \/>\n<meta property=\"og:title\" content=\"Datenschutzbestimmungen - Villa Tamoma\" \/>\n<meta property=\"og:description\" content=\"Allgemeine Informationen Diese Datenschutzerkl\u00e4rung gibt Ihnen einen \u00dcberblick dar\u00fcber, wie wir Ihre Daten mit Hilfe von www.villa-tamoma.com erfassen und verarbeiten. Wir verarbeiten Ihre personenbezogenen Daten ausschlie\u00dflich auf der Grundlage der EU-Verordnung \/GDPR) vom Mai 2018. Gem\u00e4\u00df dem Grundsatz der Datenvermeidung und Datensparsamkeit erfassen und speichern wir personenbezogene Daten nur, wenn sie notwendig sind. Personenbezogene Daten [&hellip;]\" \/>\n<meta property=\"og:url\" content=\"https:\/\/www.villa-tamoma.com\/de\/datenschutz\/\" \/>\n<meta property=\"og:site_name\" content=\"Villa Tamoma\" \/>\n<meta property=\"article:publisher\" content=\"https:\/\/www.facebook.com\/profile.php?id=61566010812703\" \/>\n<meta property=\"article:modified_time\" content=\"2024-09-28T11:04:17+00:00\" \/>\n<meta name=\"twitter:card\" content=\"summary_large_image\" \/>\n<meta name=\"twitter:label1\" content=\"Gesch\u00e4tzte Lesezeit\" \/>\n\t<meta name=\"twitter:data1\" content=\"5 Minuten\" \/>\n<script type=\"application\/ld+json\" class=\"yoast-schema-graph\">{\"@context\":\"https:\/\/schema.org\",\"@graph\":[{\"@type\":\"WebPage\",\"@id\":\"https:\/\/www.villa-tamoma.com\/de\/datenschutz\/\",\"url\":\"https:\/\/www.villa-tamoma.com\/de\/datenschutz\/\",\"name\":\"Datenschutzbestimmungen - Villa Tamoma\",\"isPartOf\":{\"@id\":\"https:\/\/www.villa-tamoma.com\/de\/#website\"},\"datePublished\":\"2024-08-17T19:33:24+00:00\",\"dateModified\":\"2024-09-28T11:04:17+00:00\",\"breadcrumb\":{\"@id\":\"https:\/\/www.villa-tamoma.com\/de\/datenschutz\/#breadcrumb\"},\"inLanguage\":\"de-DE\",\"potentialAction\":[{\"@type\":\"ReadAction\",\"target\":[\"https:\/\/www.villa-tamoma.com\/de\/datenschutz\/\"]}]},{\"@type\":\"BreadcrumbList\",\"@id\":\"https:\/\/www.villa-tamoma.com\/de\/datenschutz\/#breadcrumb\",\"itemListElement\":[{\"@type\":\"ListItem\",\"position\":1,\"name\":\"Home\",\"item\":\"https:\/\/www.villa-tamoma.com\/de\/startseite\/\"},{\"@type\":\"ListItem\",\"position\":2,\"name\":\"Datenschutzbestimmungen\"}]},{\"@type\":\"WebSite\",\"@id\":\"https:\/\/www.villa-tamoma.com\/de\/#website\",\"url\":\"https:\/\/www.villa-tamoma.com\/de\/\",\"name\":\"Villa Tamoma Gran Canaria\",\"description\":\"Exclusive Gran Canaria Villa with Private Pool, near to beaches and Maspalomas Dunes\",\"publisher\":{\"@id\":\"https:\/\/www.villa-tamoma.com\/de\/#organization\"},\"alternateName\":\"Villa Tamoma\",\"potentialAction\":[{\"@type\":\"SearchAction\",\"target\":{\"@type\":\"EntryPoint\",\"urlTemplate\":\"https:\/\/www.villa-tamoma.com\/de\/?s={search_term_string}\"},\"query-input\":{\"@type\":\"PropertyValueSpecification\",\"valueRequired\":true,\"valueName\":\"search_term_string\"}}],\"inLanguage\":\"de-DE\"},{\"@type\":\"Organization\",\"@id\":\"https:\/\/www.villa-tamoma.com\/de\/#organization\",\"name\":\"Villa Tamoma Gran Canaria\",\"alternateName\":\"Villa Tamoma\",\"url\":\"https:\/\/www.villa-tamoma.com\/de\/\",\"logo\":{\"@type\":\"ImageObject\",\"inLanguage\":\"de-DE\",\"@id\":\"https:\/\/www.villa-tamoma.com\/de\/#\/schema\/logo\/image\/\",\"url\":\"https:\/\/www.villa-tamoma.com\/wp-content\/uploads\/Villa-Tamoma-50-50.png\",\"contentUrl\":\"https:\/\/www.villa-tamoma.com\/wp-content\/uploads\/Villa-Tamoma-50-50.png\",\"width\":209,\"height\":209,\"caption\":\"Villa Tamoma Gran Canaria\"},\"image\":{\"@id\":\"https:\/\/www.villa-tamoma.com\/de\/#\/schema\/logo\/image\/\"},\"sameAs\":[\"https:\/\/www.facebook.com\/profile.php?id=61566010812703\",\"https:\/\/www.instagram.com\/villatamoma\/\"]}]}<\/script>\n<!-- \/ Yoast SEO plugin. -->","yoast_head_json":{"title":"Datenschutzbestimmungen - Villa Tamoma","robots":{"index":"index","follow":"follow","max-snippet":"max-snippet:-1","max-image-preview":"max-image-preview:large","max-video-preview":"max-video-preview:-1"},"canonical":"https:\/\/www.villa-tamoma.com\/de\/datenschutz\/","og_locale":"de_DE","og_type":"article","og_title":"Datenschutzbestimmungen - Villa Tamoma","og_description":"Allgemeine Informationen Diese Datenschutzerkl\u00e4rung gibt Ihnen einen \u00dcberblick dar\u00fcber, wie wir Ihre Daten mit Hilfe von www.villa-tamoma.com erfassen und verarbeiten. Wir verarbeiten Ihre personenbezogenen Daten ausschlie\u00dflich auf der Grundlage der EU-Verordnung \/GDPR) vom Mai 2018. Gem\u00e4\u00df dem Grundsatz der Datenvermeidung und Datensparsamkeit erfassen und speichern wir personenbezogene Daten nur, wenn sie notwendig sind. Personenbezogene Daten [&hellip;]","og_url":"https:\/\/www.villa-tamoma.com\/de\/datenschutz\/","og_site_name":"Villa Tamoma","article_publisher":"https:\/\/www.facebook.com\/profile.php?id=61566010812703","article_modified_time":"2024-09-28T11:04:17+00:00","twitter_card":"summary_large_image","twitter_misc":{"Gesch\u00e4tzte Lesezeit":"5 Minuten"},"schema":{"@context":"https:\/\/schema.org","@graph":[{"@type":"WebPage","@id":"https:\/\/www.villa-tamoma.com\/de\/datenschutz\/","url":"https:\/\/www.villa-tamoma.com\/de\/datenschutz\/","name":"Datenschutzbestimmungen - Villa Tamoma","isPartOf":{"@id":"https:\/\/www.villa-tamoma.com\/de\/#website"},"datePublished":"2024-08-17T19:33:24+00:00","dateModified":"2024-09-28T11:04:17+00:00","breadcrumb":{"@id":"https:\/\/www.villa-tamoma.com\/de\/datenschutz\/#breadcrumb"},"inLanguage":"de-DE","potentialAction":[{"@type":"ReadAction","target":["https:\/\/www.villa-tamoma.com\/de\/datenschutz\/"]}]},{"@type":"BreadcrumbList","@id":"https:\/\/www.villa-tamoma.com\/de\/datenschutz\/#breadcrumb","itemListElement":[{"@type":"ListItem","position":1,"name":"Home","item":"https:\/\/www.villa-tamoma.com\/de\/startseite\/"},{"@type":"ListItem","position":2,"name":"Datenschutzbestimmungen"}]},{"@type":"WebSite","@id":"https:\/\/www.villa-tamoma.com\/de\/#website","url":"https:\/\/www.villa-tamoma.com\/de\/","name":"Villa Tamoma Gran Canaria","description":"Exclusive Gran Canaria Villa with Private Pool, near to beaches and Maspalomas Dunes","publisher":{"@id":"https:\/\/www.villa-tamoma.com\/de\/#organization"},"alternateName":"Villa Tamoma","potentialAction":[{"@type":"SearchAction","target":{"@type":"EntryPoint","urlTemplate":"https:\/\/www.villa-tamoma.com\/de\/?s={search_term_string}"},"query-input":{"@type":"PropertyValueSpecification","valueRequired":true,"valueName":"search_term_string"}}],"inLanguage":"de-DE"},{"@type":"Organization","@id":"https:\/\/www.villa-tamoma.com\/de\/#organization","name":"Villa Tamoma Gran Canaria","alternateName":"Villa Tamoma","url":"https:\/\/www.villa-tamoma.com\/de\/","logo":{"@type":"ImageObject","inLanguage":"de-DE","@id":"https:\/\/www.villa-tamoma.com\/de\/#\/schema\/logo\/image\/","url":"https:\/\/www.villa-tamoma.com\/wp-content\/uploads\/Villa-Tamoma-50-50.png","contentUrl":"https:\/\/www.villa-tamoma.com\/wp-content\/uploads\/Villa-Tamoma-50-50.png","width":209,"height":209,"caption":"Villa Tamoma Gran Canaria"},"image":{"@id":"https:\/\/www.villa-tamoma.com\/de\/#\/schema\/logo\/image\/"},"sameAs":["https:\/\/www.facebook.com\/profile.php?id=61566010812703","https:\/\/www.instagram.com\/villatamoma\/"]}]}},"_links":{"self":[{"href":"https:\/\/www.villa-tamoma.com\/de\/wp-json\/wp\/v2\/pages\/1925"}],"collection":[{"href":"https:\/\/www.villa-tamoma.com\/de\/wp-json\/wp\/v2\/pages"}],"about":[{"href":"https:\/\/www.villa-tamoma.com\/de\/wp-json\/wp\/v2\/types\/page"}],"author":[{"embeddable":true,"href":"https:\/\/www.villa-tamoma.com\/de\/wp-json\/wp\/v2\/users\/1"}],"replies":[{"embeddable":true,"href":"https:\/\/www.villa-tamoma.com\/de\/wp-json\/wp\/v2\/comments?post=1925"}],"version-history":[{"count":15,"href":"https:\/\/www.villa-tamoma.com\/de\/wp-json\/wp\/v2\/pages\/1925\/revisions"}],"predecessor-version":[{"id":2357,"href":"https:\/\/www.villa-tamoma.com\/de\/wp-json\/wp\/v2\/pages\/1925\/revisions\/2357"}],"wp:attachment":[{"href":"https:\/\/www.villa-tamoma.com\/de\/wp-json\/wp\/v2\/media?parent=1925"}],"curies":[{"name":"wp","href":"https:\/\/api.w.org\/{rel}","templated":true}]}}