{"id":1882,"date":"2020-11-04T07:50:15","date_gmt":"2020-11-04T07:50:15","guid":{"rendered":"https:\/\/www.villa-tamoma.com\/kontaktieren-sie-uns\/"},"modified":"2024-09-27T12:50:36","modified_gmt":"2024-09-27T12:50:36","slug":"kontakt","status":"publish","type":"page","link":"https:\/\/www.villa-tamoma.com\/de\/kontakt\/","title":{"rendered":"Kontaktieren Sie uns"},"content":{"rendered":"\t\t<div data-elementor-type=\"wp-page\" data-elementor-id=\"1882\" class=\"elementor elementor-1882 elementor-240\">\n\t\t\t\t\t\t<section class=\"elementor-section elementor-top-section elementor-element elementor-element-bcec4c4 elementor-section-full_width elementor-section-content-middle elementor-section-height-default elementor-section-height-default\" data-id=\"bcec4c4\" data-element_type=\"section\">\n\t\t\t\t\t\t<div class=\"elementor-container elementor-column-gap-default\">\n\t\t\t\t\t<div class=\"elementor-column elementor-col-33 elementor-top-column elementor-element elementor-element-a954b6f\" data-id=\"a954b6f\" data-element_type=\"column\">\n\t\t\t<div class=\"elementor-widget-wrap elementor-element-populated\">\n\t\t\t\t\t\t<div class=\"elementor-element elementor-element-d5272de elementor-widget elementor-widget-heading\" data-id=\"d5272de\" data-element_type=\"widget\" data-widget_type=\"heading.default\">\n\t\t\t\t<div class=\"elementor-widget-container\">\n\t\t\t<style>\/*! elementor - v3.23.0 - 05-08-2024 *\/\n.elementor-heading-title{padding:0;margin:0;line-height:1}.elementor-widget-heading .elementor-heading-title[class*=elementor-size-]>a{color:inherit;font-size:inherit;line-height:inherit}.elementor-widget-heading .elementor-heading-title.elementor-size-small{font-size:15px}.elementor-widget-heading .elementor-heading-title.elementor-size-medium{font-size:19px}.elementor-widget-heading .elementor-heading-title.elementor-size-large{font-size:29px}.elementor-widget-heading .elementor-heading-title.elementor-size-xl{font-size:39px}.elementor-widget-heading .elementor-heading-title.elementor-size-xxl{font-size:59px}<\/style><h2 class=\"elementor-heading-title elementor-size-default\">Kontaktieren Sie uns  <\/h2>\t\t<\/div>\n\t\t\t\t<\/div>\n\t\t\t\t\t<\/div>\n\t\t<\/div>\n\t\t\t\t<div class=\"elementor-column elementor-col-33 elementor-top-column elementor-element elementor-element-7bdf971\" data-id=\"7bdf971\" data-element_type=\"column\">\n\t\t\t<div class=\"elementor-widget-wrap elementor-element-populated\">\n\t\t\t\t\t\t<div class=\"elementor-element elementor-element-5ad87de elementor-widget elementor-widget-text-editor\" data-id=\"5ad87de\" data-element_type=\"widget\" data-widget_type=\"text-editor.default\">\n\t\t\t\t<div class=\"elementor-widget-container\">\n\t\t\t<style>\/*! elementor - v3.23.0 - 05-08-2024 *\/\n.elementor-widget-text-editor.elementor-drop-cap-view-stacked .elementor-drop-cap{background-color:#69727d;color:#fff}.elementor-widget-text-editor.elementor-drop-cap-view-framed .elementor-drop-cap{color:#69727d;border:3px solid;background-color:transparent}.elementor-widget-text-editor:not(.elementor-drop-cap-view-default) .elementor-drop-cap{margin-top:8px}.elementor-widget-text-editor:not(.elementor-drop-cap-view-default) .elementor-drop-cap-letter{width:1em;height:1em}.elementor-widget-text-editor .elementor-drop-cap{float:left;text-align:center;line-height:1;font-size:50px}.elementor-widget-text-editor .elementor-drop-cap-letter{display:inline-block}<\/style>\t\t\t\t<p><a href=\"mailto:booking@villa-tamoma.com\">booking@villa-tamoma.com<\/a><br \/><a href=\"https:\/\/wa.me\/34671605580\">Whatsapp uns<\/a><\/p>\n\t\t\t\t\t\t<\/div>\n\t\t\t\t<\/div>\n\t\t\t\t\t<\/div>\n\t\t<\/div>\n\t\t\t\t<div class=\"elementor-column elementor-col-33 elementor-top-column elementor-element elementor-element-3c6d6eb\" data-id=\"3c6d6eb\" data-element_type=\"column\">\n\t\t\t<div class=\"elementor-widget-wrap elementor-element-populated\">\n\t\t\t\t\t\t<div class=\"elementor-element elementor-element-aba77f3 elementor-widget elementor-widget-text-editor\" data-id=\"aba77f3\" data-element_type=\"widget\" data-widget_type=\"text-editor.default\">\n\t\t\t\t<div class=\"elementor-widget-container\">\n\t\t\t\t\t\t\t<p>35100 Maspalomas, Sonnenland<br \/>Gran Canaria, Spanien<\/p>\n\t\t\t\t\t\t<\/div>\n\t\t\t\t<\/div>\n\t\t\t\t\t<\/div>\n\t\t<\/div>\n\t\t\t\t\t<\/div>\n\t\t<\/section>\n\t\t\t\t<section class=\"elementor-section elementor-top-section elementor-element elementor-element-a85d1c7 elementor-section-full_width elementor-section-height-default elementor-section-height-default\" data-id=\"a85d1c7\" data-element_type=\"section\" data-settings=\"{&quot;background_background&quot;:&quot;classic&quot;}\">\n\t\t\t\t\t\t<div class=\"elementor-container elementor-column-gap-default\">\n\t\t\t\t\t<div class=\"elementor-column elementor-col-50 elementor-top-column elementor-element elementor-element-76bf1ae\" data-id=\"76bf1ae\" data-element_type=\"column\" data-settings=\"{&quot;background_background&quot;:&quot;classic&quot;}\">\n\t\t\t<div class=\"elementor-widget-wrap\">\n\t\t\t\t\t\t\t<\/div>\n\t\t<\/div>\n\t\t\t\t<div class=\"elementor-column elementor-col-50 elementor-top-column elementor-element elementor-element-8fb1caa\" data-id=\"8fb1caa\" data-element_type=\"column\">\n\t\t\t<div class=\"elementor-widget-wrap elementor-element-populated\">\n\t\t\t\t\t\t<section class=\"elementor-section elementor-inner-section elementor-element elementor-element-0d004d5 elementor-section-boxed elementor-section-height-default elementor-section-height-default\" data-id=\"0d004d5\" data-element_type=\"section\" data-settings=\"{&quot;background_background&quot;:&quot;classic&quot;}\">\n\t\t\t\t\t\t<div class=\"elementor-container elementor-column-gap-no\">\n\t\t\t\t\t<div class=\"elementor-column elementor-col-100 elementor-inner-column elementor-element elementor-element-b35403f\" data-id=\"b35403f\" data-element_type=\"column\">\n\t\t\t<div class=\"elementor-widget-wrap elementor-element-populated\">\n\t\t\t\t\t\t<div class=\"elementor-element elementor-element-6d0d36c elementor-widget elementor-widget-heading\" data-id=\"6d0d36c\" data-element_type=\"widget\" data-widget_type=\"heading.default\">\n\t\t\t\t<div class=\"elementor-widget-container\">\n\t\t\t<h3 class=\"elementor-heading-title elementor-size-default\">Kontaktieren Sie uns einfach, um Villa Tamoma zu buchen<\/h3>\t\t<\/div>\n\t\t\t\t<\/div>\n\t\t\t\t<div class=\"elementor-element elementor-element-e441999 elementor-widget elementor-widget-text-editor\" data-id=\"e441999\" data-element_type=\"widget\" data-widget_type=\"text-editor.default\">\n\t\t\t\t<div class=\"elementor-widget-container\">\n\t\t\t\t\t\t\t<p>Wir sprechen Englisch, Spanisch, Deutsch und Polnisch.  <\/p>\n<p>Sie k\u00f6nnen uns gerne in Ihrer Sprache kontaktieren!<\/p>\n\t\t\t\t\t\t<\/div>\n\t\t\t\t<\/div>\n\t\t\t\t<div class=\"elementor-element elementor-element-68fc5ee elementor-widget elementor-widget-shortcode\" data-id=\"68fc5ee\" data-element_type=\"widget\" data-widget_type=\"shortcode.default\">\n\t\t\t\t<div class=\"elementor-widget-container\">\n\t\t\t\t\t<div class=\"elementor-shortcode\">\n<div class=\"wpcf7 no-js\" id=\"wpcf7-f2019-o1\" lang=\"de-DE\" dir=\"ltr\">\n<div class=\"screen-reader-response\"><p role=\"status\" aria-live=\"polite\" aria-atomic=\"true\"><\/p> <ul><\/ul><\/div>\n<form action=\"\/de\/wp-json\/wp\/v2\/pages\/1882#wpcf7-f2019-o1\" method=\"post\" class=\"wpcf7-form init\" aria-label=\"Kontaktformular\" novalidate=\"novalidate\" data-status=\"init\">\n<div style=\"display: none;\">\n<input type=\"hidden\" name=\"_wpcf7\" value=\"2019\" \/>\n<input type=\"hidden\" name=\"_wpcf7_version\" value=\"5.9.8\" \/>\n<input type=\"hidden\" name=\"_wpcf7_locale\" value=\"de_DE\" \/>\n<input type=\"hidden\" name=\"_wpcf7_unit_tag\" value=\"wpcf7-f2019-o1\" \/>\n<input type=\"hidden\" name=\"_wpcf7_container_post\" value=\"0\" \/>\n<input type=\"hidden\" name=\"_wpcf7_posted_data_hash\" value=\"\" \/>\n<\/div>\n<p class=\"half-width\"><br \/>\n<label> Name* <span class=\"wpcf7-form-control-wrap\" data-name=\"your-name\"><input size=\"40\" maxlength=\"400\" class=\"wpcf7-form-control wpcf7-text wpcf7-validates-as-required\" aria-required=\"true\" aria-invalid=\"false\" placeholder=\"Ihr Name\" value=\"\" type=\"text\" name=\"your-name\" \/><\/span> <\/label>\n<\/p>\n<p class=\"half-width\"><br \/>\n<label> E-Mail* <span class=\"wpcf7-form-control-wrap\" data-name=\"your-email\"><input size=\"40\" maxlength=\"400\" class=\"wpcf7-form-control wpcf7-email wpcf7-validates-as-required wpcf7-text wpcf7-validates-as-email\" aria-required=\"true\" aria-invalid=\"false\" placeholder=\"Ihre E-Mail\" value=\"\" type=\"email\" name=\"your-email\" \/><\/span> <\/label>\n<\/p>\n<p><br \/>\n<label> Nachricht <span class=\"wpcf7-form-control-wrap\" data-name=\"your-message\"><textarea cols=\"10\" rows=\"5\" maxlength=\"2000\" class=\"wpcf7-form-control wpcf7-textarea\" aria-invalid=\"false\" placeholder=\"Ihre Nachricht\" name=\"your-message\"><\/textarea><\/span> <\/label>\n<\/p>\n<p><br \/>\n<input class=\"wpcf7-form-control wpcf7-submit has-spinner\" type=\"submit\" value=\"Nachricht senden\" \/>\n<\/p><div class=\"wpcf7-response-output\" aria-hidden=\"true\"><\/div>\n<\/form>\n<\/div>\n<\/div>\n\t\t\t\t<\/div>\n\t\t\t\t<\/div>\n\t\t\t\t\t<\/div>\n\t\t<\/div>\n\t\t\t\t\t<\/div>\n\t\t<\/section>\n\t\t\t\t\t<\/div>\n\t\t<\/div>\n\t\t\t\t\t<\/div>\n\t\t<\/section>\n\t\t<div class=\"elementor-element elementor-element-64467b4 e-con-full e-flex e-con e-parent\" data-id=\"64467b4\" data-element_type=\"container\" data-settings=\"{&quot;background_background&quot;:&quot;classic&quot;}\">\n\t\t\t\t<div class=\"elementor-element elementor-element-d8fc8ad elementor-widget elementor-widget-stratum-advanced-google-map\" data-id=\"d8fc8ad\" data-element_type=\"widget\" data-settings=\"{&quot;zoom_level&quot;:{&quot;unit&quot;:&quot;px&quot;,&quot;size&quot;:14,&quot;sizes&quot;:[]},&quot;map_lat&quot;:27.75633,&quot;map_lng&quot;:-15.6049,&quot;marker_title&quot;:&quot;Villa Tamoma&quot;,&quot;marker_lat&quot;:&quot;27.756330&quot;,&quot;marker_lng&quot;:&quot;-15.604900&quot;,&quot;marker_content&quot;:&quot;Villa Tamoma&quot;,&quot;map_type_setup&quot;:&quot;single&quot;,&quot;interaction&quot;:&quot;cooperative&quot;,&quot;marker_type_setup&quot;:&quot;coordinates&quot;,&quot;popup_max_width&quot;:250,&quot;street_view_control&quot;:&quot;yes&quot;,&quot;map_type_control&quot;:&quot;yes&quot;,&quot;zoom_control&quot;:&quot;yes&quot;,&quot;fullscreen_control&quot;:&quot;yes&quot;,&quot;map_theme_source&quot;:&quot;standard&quot;,&quot;map_standards_styles&quot;:&quot;standard&quot;}\" data-widget_type=\"stratum-advanced-google-map.default\">\n\t\t\t\t<div class=\"elementor-widget-container\">\n\t\t\t<div class=\"stratum-advanced-google-map\" data-map-options=\"{&quot;center&quot;:{&quot;mapLat&quot;:&quot;27.75633&quot;,&quot;mapLng&quot;:&quot;-15.6049&quot;},&quot;controls&quot;:{&quot;streetViewControl&quot;:true,&quot;mapTypeControl&quot;:true,&quot;zoomControl&quot;:true,&quot;fullscreenControl&quot;:true},&quot;zoomLevel&quot;:{&quot;unit&quot;:&quot;px&quot;,&quot;size&quot;:14,&quot;sizes&quot;:[]},&quot;markerTypeSetup&quot;:&quot;coordinates&quot;,&quot;mapTypeSetup&quot;:&quot;single&quot;,&quot;interaction&quot;:&quot;cooperative&quot;,&quot;markers&quot;:[{&quot;markerLat&quot;:&quot;27.756330&quot;,&quot;markerLng&quot;:&quot;-15.604900&quot;,&quot;markerTitle&quot;:&quot;Villa Tamoma&quot;,&quot;markerContent&quot;:&quot;Villa Tamoma&quot;,&quot;popupMaxWidth&quot;:250,&quot;isOpenPopup&quot;:false}],&quot;mapTheme&quot;:&quot;standard&quot;}\">\n    <div class=\"stratum-advanced-google-map__container\"><\/div>\n<\/div>\n\t\t<\/div>\n\t\t\t\t<\/div>\n\t\t\t\t<\/div>\n\t\t\t\t<\/div>\n\t\t","protected":false},"excerpt":{"rendered":"<p>Kontaktieren Sie uns booking@villa-tamoma.comWhatsapp uns 35100 Maspalomas, SonnenlandGran Canaria, Spanien Kontaktieren Sie uns einfach, um Villa Tamoma zu buchen Wir sprechen Englisch, Spanisch, Deutsch und Polnisch. Sie k\u00f6nnen uns gerne in Ihrer Sprache kontaktieren!<\/p>\n","protected":false},"author":2,"featured_media":0,"parent":0,"menu_order":0,"comment_status":"closed","ping_status":"closed","template":"template-page-wide-canvas.php","meta":{"inline_featured_image":false,"footnotes":""},"class_list":["post-1882","page","type-page","status-publish","hentry"],"yoast_head":"<!-- This site is optimized with the Yoast SEO plugin v23.5 - https:\/\/yoast.com\/wordpress\/plugins\/seo\/ -->\n<title>Kontaktieren Sie uns - Villa Tamoma<\/title>\n<meta name=\"description\" content=\"Kontaktieren Sie uns, um Ihre Luxus-Ferienunterkunft im S\u00fcden Gran Canarias zu reservieren. Unser Team hilft Ihnen gerne mit Informationen \u00fcber Verf\u00fcgbarkeit, Preise und mehr\" \/>\n<meta name=\"robots\" content=\"index, follow, max-snippet:-1, max-image-preview:large, max-video-preview:-1\" \/>\n<link rel=\"canonical\" href=\"https:\/\/www.villa-tamoma.com\/de\/kontakt\/\" \/>\n<meta property=\"og:locale\" content=\"de_DE\" \/>\n<meta property=\"og:type\" content=\"article\" \/>\n<meta property=\"og:title\" content=\"Kontaktieren Sie uns - Villa Tamoma\" \/>\n<meta property=\"og:description\" content=\"Kontaktieren Sie uns, um Ihre Luxus-Ferienunterkunft im S\u00fcden Gran Canarias zu reservieren. Unser Team hilft Ihnen gerne mit Informationen \u00fcber Verf\u00fcgbarkeit, Preise und mehr\" \/>\n<meta property=\"og:url\" content=\"https:\/\/www.villa-tamoma.com\/de\/kontakt\/\" \/>\n<meta property=\"og:site_name\" content=\"Villa Tamoma\" \/>\n<meta property=\"article:publisher\" content=\"https:\/\/www.facebook.com\/profile.php?id=61566010812703\" \/>\n<meta property=\"article:modified_time\" content=\"2024-09-27T12:50:36+00:00\" \/>\n<meta name=\"twitter:card\" content=\"summary_large_image\" \/>\n<meta name=\"twitter:label1\" content=\"Gesch\u00e4tzte Lesezeit\" \/>\n\t<meta name=\"twitter:data1\" content=\"1 Minute\" \/>\n<script type=\"application\/ld+json\" class=\"yoast-schema-graph\">{\"@context\":\"https:\/\/schema.org\",\"@graph\":[{\"@type\":\"WebPage\",\"@id\":\"https:\/\/www.villa-tamoma.com\/de\/kontakt\/\",\"url\":\"https:\/\/www.villa-tamoma.com\/de\/kontakt\/\",\"name\":\"Kontaktieren Sie uns - Villa Tamoma\",\"isPartOf\":{\"@id\":\"https:\/\/www.villa-tamoma.com\/de\/#website\"},\"datePublished\":\"2020-11-04T07:50:15+00:00\",\"dateModified\":\"2024-09-27T12:50:36+00:00\",\"description\":\"Kontaktieren Sie uns, um Ihre Luxus-Ferienunterkunft im S\u00fcden Gran Canarias zu reservieren. Unser Team hilft Ihnen gerne mit Informationen \u00fcber Verf\u00fcgbarkeit, Preise und mehr\",\"breadcrumb\":{\"@id\":\"https:\/\/www.villa-tamoma.com\/de\/kontakt\/#breadcrumb\"},\"inLanguage\":\"de-DE\",\"potentialAction\":[{\"@type\":\"ReadAction\",\"target\":[\"https:\/\/www.villa-tamoma.com\/de\/kontakt\/\"]}]},{\"@type\":\"BreadcrumbList\",\"@id\":\"https:\/\/www.villa-tamoma.com\/de\/kontakt\/#breadcrumb\",\"itemListElement\":[{\"@type\":\"ListItem\",\"position\":1,\"name\":\"Home\",\"item\":\"https:\/\/www.villa-tamoma.com\/de\/startseite\/\"},{\"@type\":\"ListItem\",\"position\":2,\"name\":\"Kontaktieren Sie uns\"}]},{\"@type\":\"WebSite\",\"@id\":\"https:\/\/www.villa-tamoma.com\/de\/#website\",\"url\":\"https:\/\/www.villa-tamoma.com\/de\/\",\"name\":\"Villa Tamoma Gran Canaria\",\"description\":\"Exclusive Gran Canaria Villa with Private Pool, near to beaches and Maspalomas Dunes\",\"publisher\":{\"@id\":\"https:\/\/www.villa-tamoma.com\/de\/#organization\"},\"alternateName\":\"Villa Tamoma\",\"potentialAction\":[{\"@type\":\"SearchAction\",\"target\":{\"@type\":\"EntryPoint\",\"urlTemplate\":\"https:\/\/www.villa-tamoma.com\/de\/?s={search_term_string}\"},\"query-input\":{\"@type\":\"PropertyValueSpecification\",\"valueRequired\":true,\"valueName\":\"search_term_string\"}}],\"inLanguage\":\"de-DE\"},{\"@type\":\"Organization\",\"@id\":\"https:\/\/www.villa-tamoma.com\/de\/#organization\",\"name\":\"Villa Tamoma Gran Canaria\",\"alternateName\":\"Villa Tamoma\",\"url\":\"https:\/\/www.villa-tamoma.com\/de\/\",\"logo\":{\"@type\":\"ImageObject\",\"inLanguage\":\"de-DE\",\"@id\":\"https:\/\/www.villa-tamoma.com\/de\/#\/schema\/logo\/image\/\",\"url\":\"https:\/\/www.villa-tamoma.com\/wp-content\/uploads\/Villa-Tamoma-50-50.png\",\"contentUrl\":\"https:\/\/www.villa-tamoma.com\/wp-content\/uploads\/Villa-Tamoma-50-50.png\",\"width\":209,\"height\":209,\"caption\":\"Villa Tamoma Gran Canaria\"},\"image\":{\"@id\":\"https:\/\/www.villa-tamoma.com\/de\/#\/schema\/logo\/image\/\"},\"sameAs\":[\"https:\/\/www.facebook.com\/profile.php?id=61566010812703\",\"https:\/\/www.instagram.com\/villatamoma\/\"]}]}<\/script>\n<!-- \/ Yoast SEO plugin. -->","yoast_head_json":{"title":"Kontaktieren Sie uns - Villa Tamoma","description":"Kontaktieren Sie uns, um Ihre Luxus-Ferienunterkunft im S\u00fcden Gran Canarias zu reservieren. Unser Team hilft Ihnen gerne mit Informationen \u00fcber Verf\u00fcgbarkeit, Preise und mehr","robots":{"index":"index","follow":"follow","max-snippet":"max-snippet:-1","max-image-preview":"max-image-preview:large","max-video-preview":"max-video-preview:-1"},"canonical":"https:\/\/www.villa-tamoma.com\/de\/kontakt\/","og_locale":"de_DE","og_type":"article","og_title":"Kontaktieren Sie uns - Villa Tamoma","og_description":"Kontaktieren Sie uns, um Ihre Luxus-Ferienunterkunft im S\u00fcden Gran Canarias zu reservieren. Unser Team hilft Ihnen gerne mit Informationen \u00fcber Verf\u00fcgbarkeit, Preise und mehr","og_url":"https:\/\/www.villa-tamoma.com\/de\/kontakt\/","og_site_name":"Villa Tamoma","article_publisher":"https:\/\/www.facebook.com\/profile.php?id=61566010812703","article_modified_time":"2024-09-27T12:50:36+00:00","twitter_card":"summary_large_image","twitter_misc":{"Gesch\u00e4tzte Lesezeit":"1 Minute"},"schema":{"@context":"https:\/\/schema.org","@graph":[{"@type":"WebPage","@id":"https:\/\/www.villa-tamoma.com\/de\/kontakt\/","url":"https:\/\/www.villa-tamoma.com\/de\/kontakt\/","name":"Kontaktieren Sie uns - Villa Tamoma","isPartOf":{"@id":"https:\/\/www.villa-tamoma.com\/de\/#website"},"datePublished":"2020-11-04T07:50:15+00:00","dateModified":"2024-09-27T12:50:36+00:00","description":"Kontaktieren Sie uns, um Ihre Luxus-Ferienunterkunft im S\u00fcden Gran Canarias zu reservieren. Unser Team hilft Ihnen gerne mit Informationen \u00fcber Verf\u00fcgbarkeit, Preise und mehr","breadcrumb":{"@id":"https:\/\/www.villa-tamoma.com\/de\/kontakt\/#breadcrumb"},"inLanguage":"de-DE","potentialAction":[{"@type":"ReadAction","target":["https:\/\/www.villa-tamoma.com\/de\/kontakt\/"]}]},{"@type":"BreadcrumbList","@id":"https:\/\/www.villa-tamoma.com\/de\/kontakt\/#breadcrumb","itemListElement":[{"@type":"ListItem","position":1,"name":"Home","item":"https:\/\/www.villa-tamoma.com\/de\/startseite\/"},{"@type":"ListItem","position":2,"name":"Kontaktieren Sie uns"}]},{"@type":"WebSite","@id":"https:\/\/www.villa-tamoma.com\/de\/#website","url":"https:\/\/www.villa-tamoma.com\/de\/","name":"Villa Tamoma Gran Canaria","description":"Exclusive Gran Canaria Villa with Private Pool, near to beaches and Maspalomas Dunes","publisher":{"@id":"https:\/\/www.villa-tamoma.com\/de\/#organization"},"alternateName":"Villa Tamoma","potentialAction":[{"@type":"SearchAction","target":{"@type":"EntryPoint","urlTemplate":"https:\/\/www.villa-tamoma.com\/de\/?s={search_term_string}"},"query-input":{"@type":"PropertyValueSpecification","valueRequired":true,"valueName":"search_term_string"}}],"inLanguage":"de-DE"},{"@type":"Organization","@id":"https:\/\/www.villa-tamoma.com\/de\/#organization","name":"Villa Tamoma Gran Canaria","alternateName":"Villa Tamoma","url":"https:\/\/www.villa-tamoma.com\/de\/","logo":{"@type":"ImageObject","inLanguage":"de-DE","@id":"https:\/\/www.villa-tamoma.com\/de\/#\/schema\/logo\/image\/","url":"https:\/\/www.villa-tamoma.com\/wp-content\/uploads\/Villa-Tamoma-50-50.png","contentUrl":"https:\/\/www.villa-tamoma.com\/wp-content\/uploads\/Villa-Tamoma-50-50.png","width":209,"height":209,"caption":"Villa Tamoma Gran Canaria"},"image":{"@id":"https:\/\/www.villa-tamoma.com\/de\/#\/schema\/logo\/image\/"},"sameAs":["https:\/\/www.facebook.com\/profile.php?id=61566010812703","https:\/\/www.instagram.com\/villatamoma\/"]}]}},"_links":{"self":[{"href":"https:\/\/www.villa-tamoma.com\/de\/wp-json\/wp\/v2\/pages\/1882"}],"collection":[{"href":"https:\/\/www.villa-tamoma.com\/de\/wp-json\/wp\/v2\/pages"}],"about":[{"href":"https:\/\/www.villa-tamoma.com\/de\/wp-json\/wp\/v2\/types\/page"}],"author":[{"embeddable":true,"href":"https:\/\/www.villa-tamoma.com\/de\/wp-json\/wp\/v2\/users\/2"}],"replies":[{"embeddable":true,"href":"https:\/\/www.villa-tamoma.com\/de\/wp-json\/wp\/v2\/comments?post=1882"}],"version-history":[{"count":12,"href":"https:\/\/www.villa-tamoma.com\/de\/wp-json\/wp\/v2\/pages\/1882\/revisions"}],"predecessor-version":[{"id":2313,"href":"https:\/\/www.villa-tamoma.com\/de\/wp-json\/wp\/v2\/pages\/1882\/revisions\/2313"}],"wp:attachment":[{"href":"https:\/\/www.villa-tamoma.com\/de\/wp-json\/wp\/v2\/media?parent=1882"}],"curies":[{"name":"wp","href":"https:\/\/api.w.org\/{rel}","templated":true}]}}